{"id":6567,"date":"2023-01-27T09:09:07","date_gmt":"2023-01-27T08:09:07","guid":{"rendered":"https:\/\/epoxylab.eu\/?post_type=product&#038;p=6567"},"modified":"2026-03-05T12:36:37","modified_gmt":"2026-03-05T11:36:37","slug":"ekarta-juta-naturalna-braz-klasyk","status":"publish","type":"product","link":"https:\/\/epoxylab.eu\/en\/shop\/laminaty-ecarta\/ekarta-juta-naturalna-braz-klasyk\/","title":{"rendered":"Ecarta - burlap natural - classic brown"},"content":{"rendered":"<p>A composite made of phenolic resin and bulrap fabrics, ideal for the production of knife handles. This version of burlap ecarta is well known and liked among the leading knife makers on the Polish market. The material is very easy to process, does not clog abrasive belts. Classic bulap is 100% free of air bubbles<\/p>\n<p>Plate dimentions: 150x80x8,5 mm<\/p>","protected":false},"excerpt":{"rendered":"<p>Laminat z \u017cywicy fenolowej oraz tkanin jutowych, przeznaczony do produkcji r\u0119koje\u015bci no\u017cy. Ta wersja jutowego laminatu, jest dobrze znana i lubiana w\u015br\u00f3d czo\u0142owych tw\u00f3rc\u00f3w no\u017cy na Polskim rynku. Materia\u0142 jest bardzo \u0142atwy w obr\u00f3bce, sypki, nie zapycha pas\u00f3w \u015bciernych. Juta klasyk jest w\u00a0 100% pozbawiona b\u0105belk\u00f3w powietrza. Wymiary p\u0142ytki: 150x80x8,5 mm<\/p>","protected":false},"featured_media":6563,"template":"","meta":{"site-sidebar-layout":"default","site-content-layout":"default","ast-site-content-layout":"default","site-content-style":"default","site-sidebar-style":"default","ast-global-header-display":"","ast-banner-title-visibility":"","ast-main-header-display":"","ast-hfb-above-header-display":"","ast-hfb-below-header-display":"","ast-hfb-mobile-header-display":"","site-post-title":"","ast-breadcrumbs-content":"","ast-featured-img":"","footer-sml-layout":"","theme-transparent-header-meta":"default","adv-header-id-meta":"","stick-header-meta":"","header-above-stick-meta":"","header-main-stick-meta":"","header-below-stick-meta":"","astra-migrate-meta-layouts":"set","ast-page-background-enabled":"default","ast-page-background-meta":{"desktop":{"background-color":"","background-image":"","background-repeat":"repeat","background-position":"center center","background-size":"auto","background-attachment":"scroll","background-type":"","background-media":"","overlay-type":"","overlay-color":"","overlay-opacity":"","overlay-gradient":""},"tablet":{"background-color":"","background-image":"","background-repeat":"repeat","background-position":"center center","background-size":"auto","background-attachment":"scroll","background-type":"","background-media":"","overlay-type":"","overlay-color":"","overlay-opacity":"","overlay-gradient":""},"mobile":{"background-color":"","background-image":"","background-repeat":"repeat","background-position":"center center","background-size":"auto","background-attachment":"scroll","background-type":"","background-media":"","overlay-type":"","overlay-color":"","overlay-opacity":"","overlay-gradient":""}},"ast-content-background-meta":{"desktop":{"background-color":"var(--ast-global-color-5)","background-image":"","background-repeat":"repeat","background-position":"center center","background-size":"auto","background-attachment":"scroll","background-type":"","background-media":"","overlay-type":"","overlay-color":"","overlay-opacity":"","overlay-gradient":""},"tablet":{"background-color":"var(--ast-global-color-5)","background-image":"","background-repeat":"repeat","background-position":"center center","background-size":"auto","background-attachment":"scroll","background-type":"","background-media":"","overlay-type":"","overlay-color":"","overlay-opacity":"","overlay-gradient":""},"mobile":{"background-color":"var(--ast-global-color-5)","background-image":"","background-repeat":"repeat","background-position":"center center","background-size":"auto","background-attachment":"scroll","background-type":"","background-media":"","overlay-type":"","overlay-color":"","overlay-opacity":"","overlay-gradient":""}}},"product_brand":[],"product_cat":[43],"product_tag":[],"class_list":{"0":"post-6567","1":"product","2":"type-product","3":"status-publish","4":"has-post-thumbnail","6":"product_cat-laminaty-ecarta","7":"desktop-align-left","8":"tablet-align-left","9":"mobile-align-left","11":"first","12":"instock","13":"shipping-taxable","14":"purchasable","15":"product-type-simple"},"yoast_head":"<!-- This site is optimized with the Yoast SEO plugin v27.2 - https:\/\/yoast.com\/product\/yoast-seo-wordpress\/ -->\n<title>Ekarta - juta naturalna - br\u0105z klasyk - epoxylab.eu<\/title>\n<meta name=\"description\" content=\"Mikarta jutowa, Mikarta TLIM, mikarta LKW, mikarta br\u0105zowa\" \/>\n<meta name=\"robots\" content=\"index, follow, max-snippet:-1, max-image-preview:large, max-video-preview:-1\" \/>\n<link rel=\"canonical\" href=\"https:\/\/epoxylab.eu\/en\/shop\/laminaty-ecarta\/ekarta-juta-naturalna-braz-klasyk\/\" \/>\n<meta property=\"og:locale\" content=\"en_GB\" \/>\n<meta property=\"og:type\" content=\"article\" \/>\n<meta property=\"og:title\" content=\"Ekarta - juta naturalna - br\u0105z klasyk - epoxylab.eu\" \/>\n<meta property=\"og:description\" content=\"Mikarta jutowa, Mikarta TLIM, mikarta LKW, mikarta br\u0105zowa\" \/>\n<meta property=\"og:url\" content=\"https:\/\/epoxylab.eu\/en\/shop\/laminaty-ecarta\/ekarta-juta-naturalna-braz-klasyk\/\" \/>\n<meta property=\"og:site_name\" content=\"epoxylab.eu\" \/>\n<meta property=\"article:modified_time\" content=\"2026-03-05T11:36:37+00:00\" \/>\n<meta property=\"og:image\" content=\"https:\/\/epoxylab.eu\/wp-content\/uploads\/2021\/08\/juta-klasyk-scaled.jpg\" \/>\n\t<meta property=\"og:image:width\" content=\"2560\" \/>\n\t<meta property=\"og:image:height\" content=\"2560\" \/>\n\t<meta property=\"og:image:type\" content=\"image\/jpeg\" \/>\n<meta name=\"twitter:card\" content=\"summary_large_image\" \/>\n<meta name=\"twitter:label1\" content=\"Estimated reading time\" \/>\n\t<meta name=\"twitter:data1\" content=\"1 minute\" \/>\n<script type=\"application\/ld+json\" class=\"yoast-schema-graph\">{\"@context\":\"https:\/\/schema.org\",\"@graph\":[{\"@type\":\"WebPage\",\"@id\":\"https:\/\/epoxylab.eu\/shop\/laminaty-ecarta\/ekarta-juta-naturalna-braz-klasyk\/\",\"url\":\"https:\/\/epoxylab.eu\/shop\/laminaty-ecarta\/ekarta-juta-naturalna-braz-klasyk\/\",\"name\":\"Ekarta - juta naturalna - br\u0105z klasyk - epoxylab.eu\",\"isPartOf\":{\"@id\":\"https:\/\/epoxylab.eu\/#website\"},\"primaryImageOfPage\":{\"@id\":\"https:\/\/epoxylab.eu\/shop\/laminaty-ecarta\/ekarta-juta-naturalna-braz-klasyk\/#primaryimage\"},\"image\":{\"@id\":\"https:\/\/epoxylab.eu\/shop\/laminaty-ecarta\/ekarta-juta-naturalna-braz-klasyk\/#primaryimage\"},\"thumbnailUrl\":\"https:\/\/epoxylab.eu\/wp-content\/uploads\/2021\/08\/juta-klasyk-scaled.jpg\",\"datePublished\":\"2023-01-27T08:09:07+00:00\",\"dateModified\":\"2026-03-05T11:36:37+00:00\",\"description\":\"Mikarta jutowa, Mikarta TLIM, mikarta LKW, mikarta br\u0105zowa\",\"breadcrumb\":{\"@id\":\"https:\/\/epoxylab.eu\/shop\/laminaty-ecarta\/ekarta-juta-naturalna-braz-klasyk\/#breadcrumb\"},\"inLanguage\":\"en-GB\",\"potentialAction\":[{\"@type\":\"ReadAction\",\"target\":[\"https:\/\/epoxylab.eu\/shop\/laminaty-ecarta\/ekarta-juta-naturalna-braz-klasyk\/\"]}]},{\"@type\":\"ImageObject\",\"inLanguage\":\"en-GB\",\"@id\":\"https:\/\/epoxylab.eu\/shop\/laminaty-ecarta\/ekarta-juta-naturalna-braz-klasyk\/#primaryimage\",\"url\":\"https:\/\/epoxylab.eu\/wp-content\/uploads\/2021\/08\/juta-klasyk-scaled.jpg\",\"contentUrl\":\"https:\/\/epoxylab.eu\/wp-content\/uploads\/2021\/08\/juta-klasyk-scaled.jpg\",\"width\":2560,\"height\":2560},{\"@type\":\"BreadcrumbList\",\"@id\":\"https:\/\/epoxylab.eu\/shop\/laminaty-ecarta\/ekarta-juta-naturalna-braz-klasyk\/#breadcrumb\",\"itemListElement\":[{\"@type\":\"ListItem\",\"position\":1,\"name\":\"Strona g\u0142\u00f3wna\",\"item\":\"https:\/\/epoxylab.eu\/\"},{\"@type\":\"ListItem\",\"position\":2,\"name\":\"Shop\",\"item\":\"https:\/\/epoxylab.eu\/shop\/\"},{\"@type\":\"ListItem\",\"position\":3,\"name\":\"Ekarta &#8211; juta naturalna &#8211; br\u0105z klasyk\"}]},{\"@type\":\"WebSite\",\"@id\":\"https:\/\/epoxylab.eu\/#website\",\"url\":\"https:\/\/epoxylab.eu\/\",\"name\":\"epoxylab.eu\",\"description\":\"Sklep z materia\u0142ami na r\u0119koje\u015bci no\u017cy\",\"publisher\":{\"@id\":\"https:\/\/epoxylab.eu\/#organization\"},\"potentialAction\":[{\"@type\":\"SearchAction\",\"target\":{\"@type\":\"EntryPoint\",\"urlTemplate\":\"https:\/\/epoxylab.eu\/?s={search_term_string}\"},\"query-input\":{\"@type\":\"PropertyValueSpecification\",\"valueRequired\":true,\"valueName\":\"search_term_string\"}}],\"inLanguage\":\"en-GB\"},{\"@type\":\"Organization\",\"@id\":\"https:\/\/epoxylab.eu\/#organization\",\"name\":\"epoxylab.eu\",\"url\":\"https:\/\/epoxylab.eu\/\",\"logo\":{\"@type\":\"ImageObject\",\"inLanguage\":\"en-GB\",\"@id\":\"https:\/\/epoxylab.eu\/#\/schema\/logo\/image\/\",\"url\":\"https:\/\/epoxylab.eu\/wp-content\/uploads\/2025\/02\/cropped-logo2.webp\",\"contentUrl\":\"https:\/\/epoxylab.eu\/wp-content\/uploads\/2025\/02\/cropped-logo2.webp\",\"width\":300,\"height\":65,\"caption\":\"epoxylab.eu\"},\"image\":{\"@id\":\"https:\/\/epoxylab.eu\/#\/schema\/logo\/image\/\"}}]}<\/script>\n<!-- \/ Yoast SEO plugin. -->","yoast_head_json":{"title":"Ekarta - juta naturalna - br\u0105z klasyk - epoxylab.eu","description":"Mikarta jutowa, Mikarta TLIM, mikarta LKW, mikarta br\u0105zowa","robots":{"index":"index","follow":"follow","max-snippet":"max-snippet:-1","max-image-preview":"max-image-preview:large","max-video-preview":"max-video-preview:-1"},"canonical":"https:\/\/epoxylab.eu\/en\/shop\/laminaty-ecarta\/ekarta-juta-naturalna-braz-klasyk\/","og_locale":"en_GB","og_type":"article","og_title":"Ekarta - juta naturalna - br\u0105z klasyk - epoxylab.eu","og_description":"Mikarta jutowa, Mikarta TLIM, mikarta LKW, mikarta br\u0105zowa","og_url":"https:\/\/epoxylab.eu\/en\/shop\/laminaty-ecarta\/ekarta-juta-naturalna-braz-klasyk\/","og_site_name":"epoxylab.eu","article_modified_time":"2026-03-05T11:36:37+00:00","og_image":[{"width":2560,"height":2560,"url":"https:\/\/epoxylab.eu\/wp-content\/uploads\/2021\/08\/juta-klasyk-scaled.jpg","type":"image\/jpeg"}],"twitter_card":"summary_large_image","twitter_misc":{"Estimated reading time":"1 minute"},"schema":{"@context":"https:\/\/schema.org","@graph":[{"@type":"WebPage","@id":"https:\/\/epoxylab.eu\/shop\/laminaty-ecarta\/ekarta-juta-naturalna-braz-klasyk\/","url":"https:\/\/epoxylab.eu\/shop\/laminaty-ecarta\/ekarta-juta-naturalna-braz-klasyk\/","name":"Ekarta - juta naturalna - br\u0105z klasyk - epoxylab.eu","isPartOf":{"@id":"https:\/\/epoxylab.eu\/#website"},"primaryImageOfPage":{"@id":"https:\/\/epoxylab.eu\/shop\/laminaty-ecarta\/ekarta-juta-naturalna-braz-klasyk\/#primaryimage"},"image":{"@id":"https:\/\/epoxylab.eu\/shop\/laminaty-ecarta\/ekarta-juta-naturalna-braz-klasyk\/#primaryimage"},"thumbnailUrl":"https:\/\/epoxylab.eu\/wp-content\/uploads\/2021\/08\/juta-klasyk-scaled.jpg","datePublished":"2023-01-27T08:09:07+00:00","dateModified":"2026-03-05T11:36:37+00:00","description":"Mikarta jutowa, Mikarta TLIM, mikarta LKW, mikarta br\u0105zowa","breadcrumb":{"@id":"https:\/\/epoxylab.eu\/shop\/laminaty-ecarta\/ekarta-juta-naturalna-braz-klasyk\/#breadcrumb"},"inLanguage":"en-GB","potentialAction":[{"@type":"ReadAction","target":["https:\/\/epoxylab.eu\/shop\/laminaty-ecarta\/ekarta-juta-naturalna-braz-klasyk\/"]}]},{"@type":"ImageObject","inLanguage":"en-GB","@id":"https:\/\/epoxylab.eu\/shop\/laminaty-ecarta\/ekarta-juta-naturalna-braz-klasyk\/#primaryimage","url":"https:\/\/epoxylab.eu\/wp-content\/uploads\/2021\/08\/juta-klasyk-scaled.jpg","contentUrl":"https:\/\/epoxylab.eu\/wp-content\/uploads\/2021\/08\/juta-klasyk-scaled.jpg","width":2560,"height":2560},{"@type":"BreadcrumbList","@id":"https:\/\/epoxylab.eu\/shop\/laminaty-ecarta\/ekarta-juta-naturalna-braz-klasyk\/#breadcrumb","itemListElement":[{"@type":"ListItem","position":1,"name":"Strona g\u0142\u00f3wna","item":"https:\/\/epoxylab.eu\/"},{"@type":"ListItem","position":2,"name":"Shop","item":"https:\/\/epoxylab.eu\/shop\/"},{"@type":"ListItem","position":3,"name":"Ekarta &#8211; juta naturalna &#8211; br\u0105z klasyk"}]},{"@type":"WebSite","@id":"https:\/\/epoxylab.eu\/#website","url":"https:\/\/epoxylab.eu\/","name":"epoxylab.eu","description":"Sklep z materia\u0142ami na r\u0119koje\u015bci no\u017cy","publisher":{"@id":"https:\/\/epoxylab.eu\/#organization"},"potentialAction":[{"@type":"SearchAction","target":{"@type":"EntryPoint","urlTemplate":"https:\/\/epoxylab.eu\/?s={search_term_string}"},"query-input":{"@type":"PropertyValueSpecification","valueRequired":true,"valueName":"search_term_string"}}],"inLanguage":"en-GB"},{"@type":"Organization","@id":"https:\/\/epoxylab.eu\/#organization","name":"epoxylab.eu","url":"https:\/\/epoxylab.eu\/","logo":{"@type":"ImageObject","inLanguage":"en-GB","@id":"https:\/\/epoxylab.eu\/#\/schema\/logo\/image\/","url":"https:\/\/epoxylab.eu\/wp-content\/uploads\/2025\/02\/cropped-logo2.webp","contentUrl":"https:\/\/epoxylab.eu\/wp-content\/uploads\/2025\/02\/cropped-logo2.webp","width":300,"height":65,"caption":"epoxylab.eu"},"image":{"@id":"https:\/\/epoxylab.eu\/#\/schema\/logo\/image\/"}}]}},"jetpack_sharing_enabled":true,"_links":{"self":[{"href":"https:\/\/epoxylab.eu\/en\/wp-json\/wp\/v2\/product\/6567","targetHints":{"allow":["GET"]}}],"collection":[{"href":"https:\/\/epoxylab.eu\/en\/wp-json\/wp\/v2\/product"}],"about":[{"href":"https:\/\/epoxylab.eu\/en\/wp-json\/wp\/v2\/types\/product"}],"wp:featuredmedia":[{"embeddable":true,"href":"https:\/\/epoxylab.eu\/en\/wp-json\/wp\/v2\/media\/6563"}],"wp:attachment":[{"href":"https:\/\/epoxylab.eu\/en\/wp-json\/wp\/v2\/media?parent=6567"}],"wp:term":[{"taxonomy":"product_brand","embeddable":true,"href":"https:\/\/epoxylab.eu\/en\/wp-json\/wp\/v2\/product_brand?post=6567"},{"taxonomy":"product_cat","embeddable":true,"href":"https:\/\/epoxylab.eu\/en\/wp-json\/wp\/v2\/product_cat?post=6567"},{"taxonomy":"product_tag","embeddable":true,"href":"https:\/\/epoxylab.eu\/en\/wp-json\/wp\/v2\/product_tag?post=6567"}],"curies":[{"name":"wp","href":"https:\/\/api.w.org\/{rel}","templated":true}]}}