{"id":4317,"date":"2021-11-30T08:24:27","date_gmt":"2021-11-30T07:24:27","guid":{"rendered":"https:\/\/epoxylab.eu\/?post_type=product&#038;p=4317"},"modified":"2022-10-10T22:35:27","modified_gmt":"2022-10-10T20:35:27","slug":"sruba-nierdzewna-m4-gwint-8mm-leb-kulisty-4-sztuki","status":"publish","type":"product","link":"https:\/\/epoxylab.eu\/en\/shop\/prety-sruby\/sruba-nierdzewna-m4-gwint-8mm-leb-kulisty-4-sztuki\/","title":{"rendered":"M4 stainless screw, 8mm thread, round head - 4 pieces"},"content":{"rendered":"<p>Screws for twisting the scales. They are perfect for M4 sleeves as well as for tangs with threaded holes. By adding a product to your cart, you buy 4 screws. <\/p>","protected":false},"excerpt":{"rendered":"<p>Screws for twisting the scales. They are perfect for M4 sleeves as well as for tangs with threaded holes. By adding a product to your cart, you buy 4 screws.<\/p>","protected":false},"featured_media":4217,"template":"","meta":{"site-sidebar-layout":"default","site-content-layout":"default","ast-site-content-layout":"default","site-content-style":"default","site-sidebar-style":"default","ast-global-header-display":"","ast-banner-title-visibility":"","ast-main-header-display":"","ast-hfb-above-header-display":"","ast-hfb-below-header-display":"","ast-hfb-mobile-header-display":"","site-post-title":"","ast-breadcrumbs-content":"","ast-featured-img":"","footer-sml-layout":"","theme-transparent-header-meta":"default","adv-header-id-meta":"","stick-header-meta":"","header-above-stick-meta":"","header-main-stick-meta":"","header-below-stick-meta":"","astra-migrate-meta-layouts":"default","ast-page-background-enabled":"default","ast-page-background-meta":{"desktop":{"background-color":"","background-image":"","background-repeat":"repeat","background-position":"center center","background-size":"auto","background-attachment":"scroll","background-type":"","background-media":"","overlay-type":"","overlay-color":"","overlay-opacity":"","overlay-gradient":""},"tablet":{"background-color":"","background-image":"","background-repeat":"repeat","background-position":"center center","background-size":"auto","background-attachment":"scroll","background-type":"","background-media":"","overlay-type":"","overlay-color":"","overlay-opacity":"","overlay-gradient":""},"mobile":{"background-color":"","background-image":"","background-repeat":"repeat","background-position":"center center","background-size":"auto","background-attachment":"scroll","background-type":"","background-media":"","overlay-type":"","overlay-color":"","overlay-opacity":"","overlay-gradient":""}},"ast-content-background-meta":{"desktop":{"background-color":"var(--ast-global-color-5)","background-image":"","background-repeat":"repeat","background-position":"center center","background-size":"auto","background-attachment":"scroll","background-type":"","background-media":"","overlay-type":"","overlay-color":"","overlay-opacity":"","overlay-gradient":""},"tablet":{"background-color":"var(--ast-global-color-5)","background-image":"","background-repeat":"repeat","background-position":"center center","background-size":"auto","background-attachment":"scroll","background-type":"","background-media":"","overlay-type":"","overlay-color":"","overlay-opacity":"","overlay-gradient":""},"mobile":{"background-color":"var(--ast-global-color-5)","background-image":"","background-repeat":"repeat","background-position":"center center","background-size":"auto","background-attachment":"scroll","background-type":"","background-media":"","overlay-type":"","overlay-color":"","overlay-opacity":"","overlay-gradient":""}}},"product_brand":[],"product_cat":[53],"product_tag":[],"class_list":{"0":"post-4317","1":"product","2":"type-product","3":"status-publish","4":"has-post-thumbnail","6":"product_cat-prety-sruby","7":"desktop-align-left","8":"tablet-align-left","9":"mobile-align-left","11":"first","12":"instock","13":"shipping-taxable","14":"purchasable","15":"product-type-simple"},"yoast_head":"<!-- This site is optimized with the Yoast SEO plugin v27.2 - https:\/\/yoast.com\/product\/yoast-seo-wordpress\/ -->\n<title>\u015aruba nierdzewna M4, gwint 8mm, \u0142eb kulisty- 4 sztuki - epoxylab.eu<\/title>\n<meta name=\"description\" content=\"\u015aruby do skr\u0119cania r\u0119koje\u015bci. Knifemaking n\u00f3\u017c taktyczny G10\" \/>\n<meta name=\"robots\" content=\"index, follow, max-snippet:-1, max-image-preview:large, max-video-preview:-1\" \/>\n<link rel=\"canonical\" href=\"https:\/\/epoxylab.eu\/en\/shop\/prety-sruby\/sruba-nierdzewna-m4-gwint-8mm-leb-kulisty-4-sztuki\/\" \/>\n<meta property=\"og:locale\" content=\"en_GB\" \/>\n<meta property=\"og:type\" content=\"article\" \/>\n<meta property=\"og:title\" content=\"\u015aruba nierdzewna M4, gwint 8mm, \u0142eb kulisty- 4 sztuki - epoxylab.eu\" \/>\n<meta property=\"og:description\" content=\"\u015aruby do skr\u0119cania r\u0119koje\u015bci. Knifemaking n\u00f3\u017c taktyczny G10\" \/>\n<meta property=\"og:url\" content=\"https:\/\/epoxylab.eu\/en\/shop\/prety-sruby\/sruba-nierdzewna-m4-gwint-8mm-leb-kulisty-4-sztuki\/\" \/>\n<meta property=\"og:site_name\" content=\"epoxylab.eu\" \/>\n<meta property=\"article:modified_time\" content=\"2022-10-10T20:35:27+00:00\" \/>\n<meta property=\"og:image\" content=\"https:\/\/epoxylab.eu\/wp-content\/uploads\/2021\/11\/m4x8-kul-inox.jpg\" \/>\n\t<meta property=\"og:image:width\" content=\"1457\" \/>\n\t<meta property=\"og:image:height\" content=\"1457\" \/>\n\t<meta property=\"og:image:type\" content=\"image\/jpeg\" \/>\n<meta name=\"twitter:card\" content=\"summary_large_image\" \/>\n<script type=\"application\/ld+json\" class=\"yoast-schema-graph\">{\"@context\":\"https:\/\/schema.org\",\"@graph\":[{\"@type\":\"WebPage\",\"@id\":\"https:\/\/epoxylab.eu\/shop\/prety-sruby\/sruba-nierdzewna-m4-gwint-8mm-leb-kulisty-4-sztuki\/\",\"url\":\"https:\/\/epoxylab.eu\/shop\/prety-sruby\/sruba-nierdzewna-m4-gwint-8mm-leb-kulisty-4-sztuki\/\",\"name\":\"\u015aruba nierdzewna M4, gwint 8mm, \u0142eb kulisty- 4 sztuki - epoxylab.eu\",\"isPartOf\":{\"@id\":\"https:\/\/epoxylab.eu\/#website\"},\"primaryImageOfPage\":{\"@id\":\"https:\/\/epoxylab.eu\/shop\/prety-sruby\/sruba-nierdzewna-m4-gwint-8mm-leb-kulisty-4-sztuki\/#primaryimage\"},\"image\":{\"@id\":\"https:\/\/epoxylab.eu\/shop\/prety-sruby\/sruba-nierdzewna-m4-gwint-8mm-leb-kulisty-4-sztuki\/#primaryimage\"},\"thumbnailUrl\":\"https:\/\/epoxylab.eu\/wp-content\/uploads\/2021\/11\/m4x8-kul-inox.jpg\",\"datePublished\":\"2021-11-30T07:24:27+00:00\",\"dateModified\":\"2022-10-10T20:35:27+00:00\",\"description\":\"\u015aruby do skr\u0119cania r\u0119koje\u015bci. Knifemaking n\u00f3\u017c taktyczny G10\",\"breadcrumb\":{\"@id\":\"https:\/\/epoxylab.eu\/shop\/prety-sruby\/sruba-nierdzewna-m4-gwint-8mm-leb-kulisty-4-sztuki\/#breadcrumb\"},\"inLanguage\":\"en-GB\",\"potentialAction\":[{\"@type\":\"ReadAction\",\"target\":[\"https:\/\/epoxylab.eu\/shop\/prety-sruby\/sruba-nierdzewna-m4-gwint-8mm-leb-kulisty-4-sztuki\/\"]}]},{\"@type\":\"ImageObject\",\"inLanguage\":\"en-GB\",\"@id\":\"https:\/\/epoxylab.eu\/shop\/prety-sruby\/sruba-nierdzewna-m4-gwint-8mm-leb-kulisty-4-sztuki\/#primaryimage\",\"url\":\"https:\/\/epoxylab.eu\/wp-content\/uploads\/2021\/11\/m4x8-kul-inox.jpg\",\"contentUrl\":\"https:\/\/epoxylab.eu\/wp-content\/uploads\/2021\/11\/m4x8-kul-inox.jpg\",\"width\":1457,\"height\":1457},{\"@type\":\"BreadcrumbList\",\"@id\":\"https:\/\/epoxylab.eu\/shop\/prety-sruby\/sruba-nierdzewna-m4-gwint-8mm-leb-kulisty-4-sztuki\/#breadcrumb\",\"itemListElement\":[{\"@type\":\"ListItem\",\"position\":1,\"name\":\"Strona g\u0142\u00f3wna\",\"item\":\"https:\/\/epoxylab.eu\/\"},{\"@type\":\"ListItem\",\"position\":2,\"name\":\"Shop\",\"item\":\"https:\/\/epoxylab.eu\/shop\/\"},{\"@type\":\"ListItem\",\"position\":3,\"name\":\"\u015aruba nierdzewna M4, gwint 8mm, \u0142eb kulisty- 4 sztuki\"}]},{\"@type\":\"WebSite\",\"@id\":\"https:\/\/epoxylab.eu\/#website\",\"url\":\"https:\/\/epoxylab.eu\/\",\"name\":\"epoxylab.eu\",\"description\":\"Sklep z materia\u0142ami na r\u0119koje\u015bci no\u017cy\",\"publisher\":{\"@id\":\"https:\/\/epoxylab.eu\/#organization\"},\"potentialAction\":[{\"@type\":\"SearchAction\",\"target\":{\"@type\":\"EntryPoint\",\"urlTemplate\":\"https:\/\/epoxylab.eu\/?s={search_term_string}\"},\"query-input\":{\"@type\":\"PropertyValueSpecification\",\"valueRequired\":true,\"valueName\":\"search_term_string\"}}],\"inLanguage\":\"en-GB\"},{\"@type\":\"Organization\",\"@id\":\"https:\/\/epoxylab.eu\/#organization\",\"name\":\"epoxylab.eu\",\"url\":\"https:\/\/epoxylab.eu\/\",\"logo\":{\"@type\":\"ImageObject\",\"inLanguage\":\"en-GB\",\"@id\":\"https:\/\/epoxylab.eu\/#\/schema\/logo\/image\/\",\"url\":\"https:\/\/epoxylab.eu\/wp-content\/uploads\/2025\/02\/cropped-logo2.webp\",\"contentUrl\":\"https:\/\/epoxylab.eu\/wp-content\/uploads\/2025\/02\/cropped-logo2.webp\",\"width\":300,\"height\":65,\"caption\":\"epoxylab.eu\"},\"image\":{\"@id\":\"https:\/\/epoxylab.eu\/#\/schema\/logo\/image\/\"}}]}<\/script>\n<!-- \/ Yoast SEO plugin. -->","yoast_head_json":{"title":"\u015aruba nierdzewna M4, gwint 8mm, \u0142eb kulisty- 4 sztuki - epoxylab.eu","description":"\u015aruby do skr\u0119cania r\u0119koje\u015bci. Knifemaking n\u00f3\u017c taktyczny G10","robots":{"index":"index","follow":"follow","max-snippet":"max-snippet:-1","max-image-preview":"max-image-preview:large","max-video-preview":"max-video-preview:-1"},"canonical":"https:\/\/epoxylab.eu\/en\/shop\/prety-sruby\/sruba-nierdzewna-m4-gwint-8mm-leb-kulisty-4-sztuki\/","og_locale":"en_GB","og_type":"article","og_title":"\u015aruba nierdzewna M4, gwint 8mm, \u0142eb kulisty- 4 sztuki - epoxylab.eu","og_description":"\u015aruby do skr\u0119cania r\u0119koje\u015bci. Knifemaking n\u00f3\u017c taktyczny G10","og_url":"https:\/\/epoxylab.eu\/en\/shop\/prety-sruby\/sruba-nierdzewna-m4-gwint-8mm-leb-kulisty-4-sztuki\/","og_site_name":"epoxylab.eu","article_modified_time":"2022-10-10T20:35:27+00:00","og_image":[{"width":1457,"height":1457,"url":"https:\/\/epoxylab.eu\/wp-content\/uploads\/2021\/11\/m4x8-kul-inox.jpg","type":"image\/jpeg"}],"twitter_card":"summary_large_image","schema":{"@context":"https:\/\/schema.org","@graph":[{"@type":"WebPage","@id":"https:\/\/epoxylab.eu\/shop\/prety-sruby\/sruba-nierdzewna-m4-gwint-8mm-leb-kulisty-4-sztuki\/","url":"https:\/\/epoxylab.eu\/shop\/prety-sruby\/sruba-nierdzewna-m4-gwint-8mm-leb-kulisty-4-sztuki\/","name":"\u015aruba nierdzewna M4, gwint 8mm, \u0142eb kulisty- 4 sztuki - epoxylab.eu","isPartOf":{"@id":"https:\/\/epoxylab.eu\/#website"},"primaryImageOfPage":{"@id":"https:\/\/epoxylab.eu\/shop\/prety-sruby\/sruba-nierdzewna-m4-gwint-8mm-leb-kulisty-4-sztuki\/#primaryimage"},"image":{"@id":"https:\/\/epoxylab.eu\/shop\/prety-sruby\/sruba-nierdzewna-m4-gwint-8mm-leb-kulisty-4-sztuki\/#primaryimage"},"thumbnailUrl":"https:\/\/epoxylab.eu\/wp-content\/uploads\/2021\/11\/m4x8-kul-inox.jpg","datePublished":"2021-11-30T07:24:27+00:00","dateModified":"2022-10-10T20:35:27+00:00","description":"\u015aruby do skr\u0119cania r\u0119koje\u015bci. Knifemaking n\u00f3\u017c taktyczny G10","breadcrumb":{"@id":"https:\/\/epoxylab.eu\/shop\/prety-sruby\/sruba-nierdzewna-m4-gwint-8mm-leb-kulisty-4-sztuki\/#breadcrumb"},"inLanguage":"en-GB","potentialAction":[{"@type":"ReadAction","target":["https:\/\/epoxylab.eu\/shop\/prety-sruby\/sruba-nierdzewna-m4-gwint-8mm-leb-kulisty-4-sztuki\/"]}]},{"@type":"ImageObject","inLanguage":"en-GB","@id":"https:\/\/epoxylab.eu\/shop\/prety-sruby\/sruba-nierdzewna-m4-gwint-8mm-leb-kulisty-4-sztuki\/#primaryimage","url":"https:\/\/epoxylab.eu\/wp-content\/uploads\/2021\/11\/m4x8-kul-inox.jpg","contentUrl":"https:\/\/epoxylab.eu\/wp-content\/uploads\/2021\/11\/m4x8-kul-inox.jpg","width":1457,"height":1457},{"@type":"BreadcrumbList","@id":"https:\/\/epoxylab.eu\/shop\/prety-sruby\/sruba-nierdzewna-m4-gwint-8mm-leb-kulisty-4-sztuki\/#breadcrumb","itemListElement":[{"@type":"ListItem","position":1,"name":"Strona g\u0142\u00f3wna","item":"https:\/\/epoxylab.eu\/"},{"@type":"ListItem","position":2,"name":"Shop","item":"https:\/\/epoxylab.eu\/shop\/"},{"@type":"ListItem","position":3,"name":"\u015aruba nierdzewna M4, gwint 8mm, \u0142eb kulisty- 4 sztuki"}]},{"@type":"WebSite","@id":"https:\/\/epoxylab.eu\/#website","url":"https:\/\/epoxylab.eu\/","name":"epoxylab.eu","description":"Sklep z materia\u0142ami na r\u0119koje\u015bci no\u017cy","publisher":{"@id":"https:\/\/epoxylab.eu\/#organization"},"potentialAction":[{"@type":"SearchAction","target":{"@type":"EntryPoint","urlTemplate":"https:\/\/epoxylab.eu\/?s={search_term_string}"},"query-input":{"@type":"PropertyValueSpecification","valueRequired":true,"valueName":"search_term_string"}}],"inLanguage":"en-GB"},{"@type":"Organization","@id":"https:\/\/epoxylab.eu\/#organization","name":"epoxylab.eu","url":"https:\/\/epoxylab.eu\/","logo":{"@type":"ImageObject","inLanguage":"en-GB","@id":"https:\/\/epoxylab.eu\/#\/schema\/logo\/image\/","url":"https:\/\/epoxylab.eu\/wp-content\/uploads\/2025\/02\/cropped-logo2.webp","contentUrl":"https:\/\/epoxylab.eu\/wp-content\/uploads\/2025\/02\/cropped-logo2.webp","width":300,"height":65,"caption":"epoxylab.eu"},"image":{"@id":"https:\/\/epoxylab.eu\/#\/schema\/logo\/image\/"}}]}},"jetpack_sharing_enabled":true,"_links":{"self":[{"href":"https:\/\/epoxylab.eu\/en\/wp-json\/wp\/v2\/product\/4317","targetHints":{"allow":["GET"]}}],"collection":[{"href":"https:\/\/epoxylab.eu\/en\/wp-json\/wp\/v2\/product"}],"about":[{"href":"https:\/\/epoxylab.eu\/en\/wp-json\/wp\/v2\/types\/product"}],"wp:featuredmedia":[{"embeddable":true,"href":"https:\/\/epoxylab.eu\/en\/wp-json\/wp\/v2\/media\/4217"}],"wp:attachment":[{"href":"https:\/\/epoxylab.eu\/en\/wp-json\/wp\/v2\/media?parent=4317"}],"wp:term":[{"taxonomy":"product_brand","embeddable":true,"href":"https:\/\/epoxylab.eu\/en\/wp-json\/wp\/v2\/product_brand?post=4317"},{"taxonomy":"product_cat","embeddable":true,"href":"https:\/\/epoxylab.eu\/en\/wp-json\/wp\/v2\/product_cat?post=4317"},{"taxonomy":"product_tag","embeddable":true,"href":"https:\/\/epoxylab.eu\/en\/wp-json\/wp\/v2\/product_tag?post=4317"}],"curies":[{"name":"wp","href":"https:\/\/api.w.org\/{rel}","templated":true}]}}