{"id":3360,"date":"2021-08-19T13:35:13","date_gmt":"2021-08-19T11:35:13","guid":{"rendered":"https:\/\/epoxylab.eu\/?post_type=product&#038;p=3360"},"modified":"2025-08-18T09:28:58","modified_gmt":"2025-08-18T07:28:58","slug":"ekarta-olive","status":"publish","type":"product","link":"https:\/\/epoxylab.eu\/en\/shop\/laminaty-ecarta\/ekarta-olive\/","title":{"rendered":"Ekarta &#8211; olive"},"content":{"rendered":"<p>Ecarta is a composite of epoxy resin and textile fabrics. Made for the production of knife handles. The thickness of the ordered piece may be 0.5 mm greater.<\/p>\n<p>You order a piece with the dimensions <strong>150x80x8mm<\/strong><\/p>","protected":false},"excerpt":{"rendered":"<p>Ekarta to laminat z \u017cywicy epoksydowej oraz tkanin tekstylnych. Przeznaczony do produkcji r\u0119koje\u015bci no\u017cy. Grubo\u015b\u0107 zam\u00f3wionej p\u0142ytki mo\u017ce by\u0107 wi\u0119ksza o 0,5 mm. Zamawiasz kawa\u0142ek o wymiarach 150x80x8mm<\/p>","protected":false},"featured_media":3320,"template":"","meta":{"site-sidebar-layout":"default","site-content-layout":"default","ast-site-content-layout":"default","site-content-style":"default","site-sidebar-style":"default","ast-global-header-display":"","ast-banner-title-visibility":"","ast-main-header-display":"","ast-hfb-above-header-display":"","ast-hfb-below-header-display":"","ast-hfb-mobile-header-display":"","site-post-title":"","ast-breadcrumbs-content":"","ast-featured-img":"","footer-sml-layout":"","theme-transparent-header-meta":"default","adv-header-id-meta":"","stick-header-meta":"","header-above-stick-meta":"","header-main-stick-meta":"","header-below-stick-meta":"","astra-migrate-meta-layouts":"set","ast-page-background-enabled":"default","ast-page-background-meta":{"desktop":{"background-color":"","background-image":"","background-repeat":"repeat","background-position":"center center","background-size":"auto","background-attachment":"scroll","background-type":"","background-media":"","overlay-type":"","overlay-color":"","overlay-opacity":"","overlay-gradient":""},"tablet":{"background-color":"","background-image":"","background-repeat":"repeat","background-position":"center center","background-size":"auto","background-attachment":"scroll","background-type":"","background-media":"","overlay-type":"","overlay-color":"","overlay-opacity":"","overlay-gradient":""},"mobile":{"background-color":"","background-image":"","background-repeat":"repeat","background-position":"center center","background-size":"auto","background-attachment":"scroll","background-type":"","background-media":"","overlay-type":"","overlay-color":"","overlay-opacity":"","overlay-gradient":""}},"ast-content-background-meta":{"desktop":{"background-color":"var(--ast-global-color-5)","background-image":"","background-repeat":"repeat","background-position":"center center","background-size":"auto","background-attachment":"scroll","background-type":"","background-media":"","overlay-type":"","overlay-color":"","overlay-opacity":"","overlay-gradient":""},"tablet":{"background-color":"var(--ast-global-color-5)","background-image":"","background-repeat":"repeat","background-position":"center center","background-size":"auto","background-attachment":"scroll","background-type":"","background-media":"","overlay-type":"","overlay-color":"","overlay-opacity":"","overlay-gradient":""},"mobile":{"background-color":"var(--ast-global-color-5)","background-image":"","background-repeat":"repeat","background-position":"center center","background-size":"auto","background-attachment":"scroll","background-type":"","background-media":"","overlay-type":"","overlay-color":"","overlay-opacity":"","overlay-gradient":""}}},"product_brand":[],"product_cat":[43],"product_tag":[],"class_list":{"0":"post-3360","1":"product","2":"type-product","3":"status-publish","4":"has-post-thumbnail","6":"product_cat-laminaty-ecarta","7":"desktop-align-left","8":"tablet-align-left","9":"mobile-align-left","11":"first","12":"instock","13":"shipping-taxable","14":"purchasable","15":"product-type-simple"},"yoast_head":"<!-- This site is optimized with the Yoast SEO plugin v27.2 - https:\/\/yoast.com\/product\/yoast-seo-wordpress\/ -->\n<title>Ekarta - olive - epoxylab.eu<\/title>\n<meta name=\"description\" content=\"Oliwkowa mikarta - OD green micarta. Wojskowa mikarta\" \/>\n<meta name=\"robots\" content=\"index, follow, max-snippet:-1, max-image-preview:large, max-video-preview:-1\" \/>\n<link rel=\"canonical\" href=\"https:\/\/epoxylab.eu\/en\/shop\/laminaty-ecarta\/ekarta-olive\/\" \/>\n<meta property=\"og:locale\" content=\"en_GB\" \/>\n<meta property=\"og:type\" content=\"article\" \/>\n<meta property=\"og:title\" content=\"Ekarta - olive - epoxylab.eu\" \/>\n<meta property=\"og:description\" content=\"Oliwkowa mikarta - OD green micarta. Wojskowa mikarta\" \/>\n<meta property=\"og:url\" content=\"https:\/\/epoxylab.eu\/en\/shop\/laminaty-ecarta\/ekarta-olive\/\" \/>\n<meta property=\"og:site_name\" content=\"epoxylab.eu\" \/>\n<meta property=\"article:modified_time\" content=\"2025-08-18T07:28:58+00:00\" \/>\n<meta property=\"og:image\" content=\"https:\/\/epoxylab.eu\/wp-content\/uploads\/2021\/07\/olive-scaled.jpg\" \/>\n\t<meta property=\"og:image:width\" content=\"2560\" \/>\n\t<meta property=\"og:image:height\" content=\"2560\" \/>\n\t<meta property=\"og:image:type\" content=\"image\/jpeg\" \/>\n<meta name=\"twitter:card\" content=\"summary_large_image\" \/>\n<meta name=\"twitter:label1\" content=\"Estimated reading time\" \/>\n\t<meta name=\"twitter:data1\" content=\"1 minute\" \/>\n<script type=\"application\/ld+json\" class=\"yoast-schema-graph\">{\"@context\":\"https:\/\/schema.org\",\"@graph\":[{\"@type\":\"WebPage\",\"@id\":\"https:\/\/epoxylab.eu\/shop\/laminaty-ecarta\/ekarta-olive\/\",\"url\":\"https:\/\/epoxylab.eu\/shop\/laminaty-ecarta\/ekarta-olive\/\",\"name\":\"Ekarta - olive - epoxylab.eu\",\"isPartOf\":{\"@id\":\"https:\/\/epoxylab.eu\/#website\"},\"primaryImageOfPage\":{\"@id\":\"https:\/\/epoxylab.eu\/shop\/laminaty-ecarta\/ekarta-olive\/#primaryimage\"},\"image\":{\"@id\":\"https:\/\/epoxylab.eu\/shop\/laminaty-ecarta\/ekarta-olive\/#primaryimage\"},\"thumbnailUrl\":\"https:\/\/epoxylab.eu\/wp-content\/uploads\/2021\/07\/olive-scaled.jpg\",\"datePublished\":\"2021-08-19T11:35:13+00:00\",\"dateModified\":\"2025-08-18T07:28:58+00:00\",\"description\":\"Oliwkowa mikarta - OD green micarta. Wojskowa mikarta\",\"breadcrumb\":{\"@id\":\"https:\/\/epoxylab.eu\/shop\/laminaty-ecarta\/ekarta-olive\/#breadcrumb\"},\"inLanguage\":\"en-GB\",\"potentialAction\":[{\"@type\":\"ReadAction\",\"target\":[\"https:\/\/epoxylab.eu\/shop\/laminaty-ecarta\/ekarta-olive\/\"]}]},{\"@type\":\"ImageObject\",\"inLanguage\":\"en-GB\",\"@id\":\"https:\/\/epoxylab.eu\/shop\/laminaty-ecarta\/ekarta-olive\/#primaryimage\",\"url\":\"https:\/\/epoxylab.eu\/wp-content\/uploads\/2021\/07\/olive-scaled.jpg\",\"contentUrl\":\"https:\/\/epoxylab.eu\/wp-content\/uploads\/2021\/07\/olive-scaled.jpg\",\"width\":2560,\"height\":2560},{\"@type\":\"BreadcrumbList\",\"@id\":\"https:\/\/epoxylab.eu\/shop\/laminaty-ecarta\/ekarta-olive\/#breadcrumb\",\"itemListElement\":[{\"@type\":\"ListItem\",\"position\":1,\"name\":\"Strona g\u0142\u00f3wna\",\"item\":\"https:\/\/epoxylab.eu\/\"},{\"@type\":\"ListItem\",\"position\":2,\"name\":\"Shop\",\"item\":\"https:\/\/epoxylab.eu\/shop\/\"},{\"@type\":\"ListItem\",\"position\":3,\"name\":\"Ekarta &#8211; olive\"}]},{\"@type\":\"WebSite\",\"@id\":\"https:\/\/epoxylab.eu\/#website\",\"url\":\"https:\/\/epoxylab.eu\/\",\"name\":\"epoxylab.eu\",\"description\":\"Sklep z materia\u0142ami na r\u0119koje\u015bci no\u017cy\",\"publisher\":{\"@id\":\"https:\/\/epoxylab.eu\/#organization\"},\"potentialAction\":[{\"@type\":\"SearchAction\",\"target\":{\"@type\":\"EntryPoint\",\"urlTemplate\":\"https:\/\/epoxylab.eu\/?s={search_term_string}\"},\"query-input\":{\"@type\":\"PropertyValueSpecification\",\"valueRequired\":true,\"valueName\":\"search_term_string\"}}],\"inLanguage\":\"en-GB\"},{\"@type\":\"Organization\",\"@id\":\"https:\/\/epoxylab.eu\/#organization\",\"name\":\"epoxylab.eu\",\"url\":\"https:\/\/epoxylab.eu\/\",\"logo\":{\"@type\":\"ImageObject\",\"inLanguage\":\"en-GB\",\"@id\":\"https:\/\/epoxylab.eu\/#\/schema\/logo\/image\/\",\"url\":\"https:\/\/epoxylab.eu\/wp-content\/uploads\/2025\/02\/cropped-logo2.webp\",\"contentUrl\":\"https:\/\/epoxylab.eu\/wp-content\/uploads\/2025\/02\/cropped-logo2.webp\",\"width\":300,\"height\":65,\"caption\":\"epoxylab.eu\"},\"image\":{\"@id\":\"https:\/\/epoxylab.eu\/#\/schema\/logo\/image\/\"}}]}<\/script>\n<!-- \/ Yoast SEO plugin. -->","yoast_head_json":{"title":"Ekarta - olive - epoxylab.eu","description":"Oliwkowa mikarta - OD green micarta. Wojskowa mikarta","robots":{"index":"index","follow":"follow","max-snippet":"max-snippet:-1","max-image-preview":"max-image-preview:large","max-video-preview":"max-video-preview:-1"},"canonical":"https:\/\/epoxylab.eu\/en\/shop\/laminaty-ecarta\/ekarta-olive\/","og_locale":"en_GB","og_type":"article","og_title":"Ekarta - olive - epoxylab.eu","og_description":"Oliwkowa mikarta - OD green micarta. Wojskowa mikarta","og_url":"https:\/\/epoxylab.eu\/en\/shop\/laminaty-ecarta\/ekarta-olive\/","og_site_name":"epoxylab.eu","article_modified_time":"2025-08-18T07:28:58+00:00","og_image":[{"width":2560,"height":2560,"url":"https:\/\/epoxylab.eu\/wp-content\/uploads\/2021\/07\/olive-scaled.jpg","type":"image\/jpeg"}],"twitter_card":"summary_large_image","twitter_misc":{"Estimated reading time":"1 minute"},"schema":{"@context":"https:\/\/schema.org","@graph":[{"@type":"WebPage","@id":"https:\/\/epoxylab.eu\/shop\/laminaty-ecarta\/ekarta-olive\/","url":"https:\/\/epoxylab.eu\/shop\/laminaty-ecarta\/ekarta-olive\/","name":"Ekarta - olive - epoxylab.eu","isPartOf":{"@id":"https:\/\/epoxylab.eu\/#website"},"primaryImageOfPage":{"@id":"https:\/\/epoxylab.eu\/shop\/laminaty-ecarta\/ekarta-olive\/#primaryimage"},"image":{"@id":"https:\/\/epoxylab.eu\/shop\/laminaty-ecarta\/ekarta-olive\/#primaryimage"},"thumbnailUrl":"https:\/\/epoxylab.eu\/wp-content\/uploads\/2021\/07\/olive-scaled.jpg","datePublished":"2021-08-19T11:35:13+00:00","dateModified":"2025-08-18T07:28:58+00:00","description":"Oliwkowa mikarta - OD green micarta. Wojskowa mikarta","breadcrumb":{"@id":"https:\/\/epoxylab.eu\/shop\/laminaty-ecarta\/ekarta-olive\/#breadcrumb"},"inLanguage":"en-GB","potentialAction":[{"@type":"ReadAction","target":["https:\/\/epoxylab.eu\/shop\/laminaty-ecarta\/ekarta-olive\/"]}]},{"@type":"ImageObject","inLanguage":"en-GB","@id":"https:\/\/epoxylab.eu\/shop\/laminaty-ecarta\/ekarta-olive\/#primaryimage","url":"https:\/\/epoxylab.eu\/wp-content\/uploads\/2021\/07\/olive-scaled.jpg","contentUrl":"https:\/\/epoxylab.eu\/wp-content\/uploads\/2021\/07\/olive-scaled.jpg","width":2560,"height":2560},{"@type":"BreadcrumbList","@id":"https:\/\/epoxylab.eu\/shop\/laminaty-ecarta\/ekarta-olive\/#breadcrumb","itemListElement":[{"@type":"ListItem","position":1,"name":"Strona g\u0142\u00f3wna","item":"https:\/\/epoxylab.eu\/"},{"@type":"ListItem","position":2,"name":"Shop","item":"https:\/\/epoxylab.eu\/shop\/"},{"@type":"ListItem","position":3,"name":"Ekarta &#8211; olive"}]},{"@type":"WebSite","@id":"https:\/\/epoxylab.eu\/#website","url":"https:\/\/epoxylab.eu\/","name":"epoxylab.eu","description":"Sklep z materia\u0142ami na r\u0119koje\u015bci no\u017cy","publisher":{"@id":"https:\/\/epoxylab.eu\/#organization"},"potentialAction":[{"@type":"SearchAction","target":{"@type":"EntryPoint","urlTemplate":"https:\/\/epoxylab.eu\/?s={search_term_string}"},"query-input":{"@type":"PropertyValueSpecification","valueRequired":true,"valueName":"search_term_string"}}],"inLanguage":"en-GB"},{"@type":"Organization","@id":"https:\/\/epoxylab.eu\/#organization","name":"epoxylab.eu","url":"https:\/\/epoxylab.eu\/","logo":{"@type":"ImageObject","inLanguage":"en-GB","@id":"https:\/\/epoxylab.eu\/#\/schema\/logo\/image\/","url":"https:\/\/epoxylab.eu\/wp-content\/uploads\/2025\/02\/cropped-logo2.webp","contentUrl":"https:\/\/epoxylab.eu\/wp-content\/uploads\/2025\/02\/cropped-logo2.webp","width":300,"height":65,"caption":"epoxylab.eu"},"image":{"@id":"https:\/\/epoxylab.eu\/#\/schema\/logo\/image\/"}}]}},"jetpack_sharing_enabled":true,"_links":{"self":[{"href":"https:\/\/epoxylab.eu\/en\/wp-json\/wp\/v2\/product\/3360","targetHints":{"allow":["GET"]}}],"collection":[{"href":"https:\/\/epoxylab.eu\/en\/wp-json\/wp\/v2\/product"}],"about":[{"href":"https:\/\/epoxylab.eu\/en\/wp-json\/wp\/v2\/types\/product"}],"wp:featuredmedia":[{"embeddable":true,"href":"https:\/\/epoxylab.eu\/en\/wp-json\/wp\/v2\/media\/3320"}],"wp:attachment":[{"href":"https:\/\/epoxylab.eu\/en\/wp-json\/wp\/v2\/media?parent=3360"}],"wp:term":[{"taxonomy":"product_brand","embeddable":true,"href":"https:\/\/epoxylab.eu\/en\/wp-json\/wp\/v2\/product_brand?post=3360"},{"taxonomy":"product_cat","embeddable":true,"href":"https:\/\/epoxylab.eu\/en\/wp-json\/wp\/v2\/product_cat?post=3360"},{"taxonomy":"product_tag","embeddable":true,"href":"https:\/\/epoxylab.eu\/en\/wp-json\/wp\/v2\/product_tag?post=3360"}],"curies":[{"name":"wp","href":"https:\/\/api.w.org\/{rel}","templated":true}]}}