{"id":13997,"date":"2026-04-20T08:14:43","date_gmt":"2026-04-20T06:14:43","guid":{"rendered":"https:\/\/epoxylab.eu\/?post_type=product&#038;p=13997"},"modified":"2026-04-20T08:57:22","modified_gmt":"2026-04-20T06:57:22","slug":"kydex-wazne-informacje-dla-kupujacych","status":"publish","type":"product","link":"https:\/\/epoxylab.eu\/en\/shop\/kydex\/kydex-wazne-informacje-dla-kupujacych\/","title":{"rendered":"Kydex - important news for the customers"},"content":{"rendered":"<p>Hi, thanks for reading my message.<br \/>\nWe recently added Kydex in various patterns and colors to our offer. The products have clearly caught your interest, as the number of orders keeps growing. Unfortunately, due to the current fuel market crisis, air shipments from the factory we work with have become unprofitable. At the moment, we have to rely on sea transport, which takes significantly longer.\n\nSo no worries\u2014any stock shortages will be replenished soon. In the coming months, we\u2019ll do our best to build up inventory levels so that no one runs out of Kydex.\n\nAlso, if you have a larger demand for this material, feel free to get in touch. Upon request, we can source various colors and thicknesses to meet your needs.<\/p>\n<p class=\"translation-block\">Pozdrawiam,<br>\r\nEmil<\/p>","protected":false},"excerpt":{"rendered":"<p>Cze\u015b\u0107! Dzi\u0119kuj\u0119, \u017ce tu zerkn\u0105\u0142e\u015b. Niedawno do naszej oferty wprowadzili\u015bmy kydex w r\u00f3\u017cnych wzorach i kolorach. Produkty najwyra\u017aniej Wam si\u0119 spodoba\u0142y, bo ilo\u015b\u0107 zam\u00f3wie\u0144 stale ro\u015bnie. Niestety przez obecny kryzys na rynku paliw, wysy\u0142ki lotnicze z fabryki z kt\u00f3r\u0105 wsp\u00f3\u0142pracujemy przesta\u0142y by\u0107 op\u0142acalne. Obecnie musimy bazowa\u0107 na transporcie morskim, kt\u00f3ry zabiera znacznie wi\u0119cej czasu. Tak\u017ce [&hellip;]<\/p>\n","protected":false},"featured_media":13999,"template":"","meta":{"site-sidebar-layout":"default","site-content-layout":"default","ast-site-content-layout":"default","site-content-style":"default","site-sidebar-style":"default","ast-global-header-display":"","ast-banner-title-visibility":"","ast-main-header-display":"","ast-hfb-above-header-display":"","ast-hfb-below-header-display":"","ast-hfb-mobile-header-display":"","site-post-title":"","ast-breadcrumbs-content":"","ast-featured-img":"","footer-sml-layout":"","theme-transparent-header-meta":"default","adv-header-id-meta":"","stick-header-meta":"","header-above-stick-meta":"","header-main-stick-meta":"","header-below-stick-meta":"","astra-migrate-meta-layouts":"set","ast-page-background-enabled":"default","ast-page-background-meta":{"desktop":{"background-color":"","background-image":"","background-repeat":"repeat","background-position":"center center","background-size":"auto","background-attachment":"scroll","background-type":"","background-media":"","overlay-type":"","overlay-color":"","overlay-opacity":"","overlay-gradient":""},"tablet":{"background-color":"","background-image":"","background-repeat":"repeat","background-position":"center center","background-size":"auto","background-attachment":"scroll","background-type":"","background-media":"","overlay-type":"","overlay-color":"","overlay-opacity":"","overlay-gradient":""},"mobile":{"background-color":"","background-image":"","background-repeat":"repeat","background-position":"center center","background-size":"auto","background-attachment":"scroll","background-type":"","background-media":"","overlay-type":"","overlay-color":"","overlay-opacity":"","overlay-gradient":""}},"ast-content-background-meta":{"desktop":{"background-color":"var(--ast-global-color-5)","background-image":"","background-repeat":"repeat","background-position":"center center","background-size":"auto","background-attachment":"scroll","background-type":"","background-media":"","overlay-type":"","overlay-color":"","overlay-opacity":"","overlay-gradient":""},"tablet":{"background-color":"var(--ast-global-color-5)","background-image":"","background-repeat":"repeat","background-position":"center center","background-size":"auto","background-attachment":"scroll","background-type":"","background-media":"","overlay-type":"","overlay-color":"","overlay-opacity":"","overlay-gradient":""},"mobile":{"background-color":"var(--ast-global-color-5)","background-image":"","background-repeat":"repeat","background-position":"center center","background-size":"auto","background-attachment":"scroll","background-type":"","background-media":"","overlay-type":"","overlay-color":"","overlay-opacity":"","overlay-gradient":""}}},"product_brand":[],"product_cat":[168],"product_tag":[],"class_list":{"0":"post-13997","1":"product","2":"type-product","3":"status-publish","4":"has-post-thumbnail","6":"product_cat-kydex","7":"desktop-align-left","8":"tablet-align-left","9":"mobile-align-left","11":"first","12":"instock","13":"shipping-taxable","14":"purchasable","15":"product-type-simple"},"yoast_head":"<!-- This site is optimized with the Yoast SEO plugin v27.2 - https:\/\/yoast.com\/product\/yoast-seo-wordpress\/ -->\n<title>Kydex - wa\u017cne informacje dla kupuj\u0105cych - epoxylab.eu<\/title>\n<meta name=\"description\" content=\"Carbon fiber kydex to lekki i wytrzyma\u0142y materia\u0142 do produkcji pochew na no\u017ce. \u0141atwy w formowaniu, odporny na wilgo\u0107, zarysowania i warunki atmosferyczne. Zapewnia sztywno\u015b\u0107, ochron\u0119 i pewne trzymanie ostrza. Idealny na pochwy EDC, bushcraft i survival.\" \/>\n<meta name=\"robots\" content=\"index, follow, max-snippet:-1, max-image-preview:large, max-video-preview:-1\" \/>\n<link rel=\"canonical\" href=\"https:\/\/epoxylab.eu\/en\/shop\/kydex\/kydex-wazne-informacje-dla-kupujacych\/\" \/>\n<meta property=\"og:locale\" content=\"en_GB\" \/>\n<meta property=\"og:type\" content=\"article\" \/>\n<meta property=\"og:title\" content=\"Kydex - wa\u017cne informacje dla kupuj\u0105cych - epoxylab.eu\" \/>\n<meta property=\"og:description\" content=\"Carbon fiber kydex to lekki i wytrzyma\u0142y materia\u0142 do produkcji pochew na no\u017ce. \u0141atwy w formowaniu, odporny na wilgo\u0107, zarysowania i warunki atmosferyczne. Zapewnia sztywno\u015b\u0107, ochron\u0119 i pewne trzymanie ostrza. Idealny na pochwy EDC, bushcraft i survival.\" \/>\n<meta property=\"og:url\" content=\"https:\/\/epoxylab.eu\/en\/shop\/kydex\/kydex-wazne-informacje-dla-kupujacych\/\" \/>\n<meta property=\"og:site_name\" content=\"epoxylab.eu\" \/>\n<meta property=\"article:modified_time\" content=\"2026-04-20T06:57:22+00:00\" \/>\n<meta property=\"og:image\" content=\"https:\/\/epoxylab.eu\/wp-content\/uploads\/2026\/04\/kydexx.jpg\" \/>\n\t<meta property=\"og:image:width\" content=\"1254\" \/>\n\t<meta property=\"og:image:height\" content=\"1254\" \/>\n\t<meta property=\"og:image:type\" content=\"image\/jpeg\" \/>\n<meta name=\"twitter:card\" content=\"summary_large_image\" \/>\n<meta name=\"twitter:label1\" content=\"Estimated reading time\" \/>\n\t<meta name=\"twitter:data1\" content=\"1 minute\" \/>\n<script type=\"application\/ld+json\" class=\"yoast-schema-graph\">{\"@context\":\"https:\/\/schema.org\",\"@graph\":[{\"@type\":\"WebPage\",\"@id\":\"https:\/\/epoxylab.eu\/shop\/kydex\/kydex-wazne-informacje-dla-kupujacych\/\",\"url\":\"https:\/\/epoxylab.eu\/shop\/kydex\/kydex-wazne-informacje-dla-kupujacych\/\",\"name\":\"Kydex - wa\u017cne informacje dla kupuj\u0105cych - epoxylab.eu\",\"isPartOf\":{\"@id\":\"https:\/\/epoxylab.eu\/#website\"},\"primaryImageOfPage\":{\"@id\":\"https:\/\/epoxylab.eu\/shop\/kydex\/kydex-wazne-informacje-dla-kupujacych\/#primaryimage\"},\"image\":{\"@id\":\"https:\/\/epoxylab.eu\/shop\/kydex\/kydex-wazne-informacje-dla-kupujacych\/#primaryimage\"},\"thumbnailUrl\":\"https:\/\/epoxylab.eu\/wp-content\/uploads\/2026\/04\/kydexx.jpg\",\"datePublished\":\"2026-04-20T06:14:43+00:00\",\"dateModified\":\"2026-04-20T06:57:22+00:00\",\"description\":\"Carbon fiber kydex to lekki i wytrzyma\u0142y materia\u0142 do produkcji pochew na no\u017ce. \u0141atwy w formowaniu, odporny na wilgo\u0107, zarysowania i warunki atmosferyczne. Zapewnia sztywno\u015b\u0107, ochron\u0119 i pewne trzymanie ostrza. Idealny na pochwy EDC, bushcraft i survival.\",\"breadcrumb\":{\"@id\":\"https:\/\/epoxylab.eu\/shop\/kydex\/kydex-wazne-informacje-dla-kupujacych\/#breadcrumb\"},\"inLanguage\":\"en-GB\",\"potentialAction\":[{\"@type\":\"ReadAction\",\"target\":[\"https:\/\/epoxylab.eu\/shop\/kydex\/kydex-wazne-informacje-dla-kupujacych\/\"]}]},{\"@type\":\"ImageObject\",\"inLanguage\":\"en-GB\",\"@id\":\"https:\/\/epoxylab.eu\/shop\/kydex\/kydex-wazne-informacje-dla-kupujacych\/#primaryimage\",\"url\":\"https:\/\/epoxylab.eu\/wp-content\/uploads\/2026\/04\/kydexx.jpg\",\"contentUrl\":\"https:\/\/epoxylab.eu\/wp-content\/uploads\/2026\/04\/kydexx.jpg\",\"width\":1254,\"height\":1254},{\"@type\":\"BreadcrumbList\",\"@id\":\"https:\/\/epoxylab.eu\/shop\/kydex\/kydex-wazne-informacje-dla-kupujacych\/#breadcrumb\",\"itemListElement\":[{\"@type\":\"ListItem\",\"position\":1,\"name\":\"Strona g\u0142\u00f3wna\",\"item\":\"https:\/\/epoxylab.eu\/\"},{\"@type\":\"ListItem\",\"position\":2,\"name\":\"Shop\",\"item\":\"https:\/\/epoxylab.eu\/shop\/\"},{\"@type\":\"ListItem\",\"position\":3,\"name\":\"Kydex &#8211; wa\u017cne informacje dla kupuj\u0105cych\"}]},{\"@type\":\"WebSite\",\"@id\":\"https:\/\/epoxylab.eu\/#website\",\"url\":\"https:\/\/epoxylab.eu\/\",\"name\":\"epoxylab.eu\",\"description\":\"Sklep z materia\u0142ami na r\u0119koje\u015bci no\u017cy\",\"publisher\":{\"@id\":\"https:\/\/epoxylab.eu\/#organization\"},\"potentialAction\":[{\"@type\":\"SearchAction\",\"target\":{\"@type\":\"EntryPoint\",\"urlTemplate\":\"https:\/\/epoxylab.eu\/?s={search_term_string}\"},\"query-input\":{\"@type\":\"PropertyValueSpecification\",\"valueRequired\":true,\"valueName\":\"search_term_string\"}}],\"inLanguage\":\"en-GB\"},{\"@type\":\"Organization\",\"@id\":\"https:\/\/epoxylab.eu\/#organization\",\"name\":\"epoxylab.eu\",\"url\":\"https:\/\/epoxylab.eu\/\",\"logo\":{\"@type\":\"ImageObject\",\"inLanguage\":\"en-GB\",\"@id\":\"https:\/\/epoxylab.eu\/#\/schema\/logo\/image\/\",\"url\":\"https:\/\/epoxylab.eu\/wp-content\/uploads\/2025\/02\/cropped-logo2.webp\",\"contentUrl\":\"https:\/\/epoxylab.eu\/wp-content\/uploads\/2025\/02\/cropped-logo2.webp\",\"width\":300,\"height\":65,\"caption\":\"epoxylab.eu\"},\"image\":{\"@id\":\"https:\/\/epoxylab.eu\/#\/schema\/logo\/image\/\"}}]}<\/script>\n<!-- \/ Yoast SEO plugin. -->","yoast_head_json":{"title":"Kydex - wa\u017cne informacje dla kupuj\u0105cych - epoxylab.eu","description":"Carbon fiber kydex to lekki i wytrzyma\u0142y materia\u0142 do produkcji pochew na no\u017ce. \u0141atwy w formowaniu, odporny na wilgo\u0107, zarysowania i warunki atmosferyczne. Zapewnia sztywno\u015b\u0107, ochron\u0119 i pewne trzymanie ostrza. Idealny na pochwy EDC, bushcraft i survival.","robots":{"index":"index","follow":"follow","max-snippet":"max-snippet:-1","max-image-preview":"max-image-preview:large","max-video-preview":"max-video-preview:-1"},"canonical":"https:\/\/epoxylab.eu\/en\/shop\/kydex\/kydex-wazne-informacje-dla-kupujacych\/","og_locale":"en_GB","og_type":"article","og_title":"Kydex - wa\u017cne informacje dla kupuj\u0105cych - epoxylab.eu","og_description":"Carbon fiber kydex to lekki i wytrzyma\u0142y materia\u0142 do produkcji pochew na no\u017ce. \u0141atwy w formowaniu, odporny na wilgo\u0107, zarysowania i warunki atmosferyczne. Zapewnia sztywno\u015b\u0107, ochron\u0119 i pewne trzymanie ostrza. Idealny na pochwy EDC, bushcraft i survival.","og_url":"https:\/\/epoxylab.eu\/en\/shop\/kydex\/kydex-wazne-informacje-dla-kupujacych\/","og_site_name":"epoxylab.eu","article_modified_time":"2026-04-20T06:57:22+00:00","og_image":[{"width":1254,"height":1254,"url":"https:\/\/epoxylab.eu\/wp-content\/uploads\/2026\/04\/kydexx.jpg","type":"image\/jpeg"}],"twitter_card":"summary_large_image","twitter_misc":{"Estimated reading time":"1 minute"},"schema":{"@context":"https:\/\/schema.org","@graph":[{"@type":"WebPage","@id":"https:\/\/epoxylab.eu\/shop\/kydex\/kydex-wazne-informacje-dla-kupujacych\/","url":"https:\/\/epoxylab.eu\/shop\/kydex\/kydex-wazne-informacje-dla-kupujacych\/","name":"Kydex - wa\u017cne informacje dla kupuj\u0105cych - epoxylab.eu","isPartOf":{"@id":"https:\/\/epoxylab.eu\/#website"},"primaryImageOfPage":{"@id":"https:\/\/epoxylab.eu\/shop\/kydex\/kydex-wazne-informacje-dla-kupujacych\/#primaryimage"},"image":{"@id":"https:\/\/epoxylab.eu\/shop\/kydex\/kydex-wazne-informacje-dla-kupujacych\/#primaryimage"},"thumbnailUrl":"https:\/\/epoxylab.eu\/wp-content\/uploads\/2026\/04\/kydexx.jpg","datePublished":"2026-04-20T06:14:43+00:00","dateModified":"2026-04-20T06:57:22+00:00","description":"Carbon fiber kydex to lekki i wytrzyma\u0142y materia\u0142 do produkcji pochew na no\u017ce. \u0141atwy w formowaniu, odporny na wilgo\u0107, zarysowania i warunki atmosferyczne. Zapewnia sztywno\u015b\u0107, ochron\u0119 i pewne trzymanie ostrza. Idealny na pochwy EDC, bushcraft i survival.","breadcrumb":{"@id":"https:\/\/epoxylab.eu\/shop\/kydex\/kydex-wazne-informacje-dla-kupujacych\/#breadcrumb"},"inLanguage":"en-GB","potentialAction":[{"@type":"ReadAction","target":["https:\/\/epoxylab.eu\/shop\/kydex\/kydex-wazne-informacje-dla-kupujacych\/"]}]},{"@type":"ImageObject","inLanguage":"en-GB","@id":"https:\/\/epoxylab.eu\/shop\/kydex\/kydex-wazne-informacje-dla-kupujacych\/#primaryimage","url":"https:\/\/epoxylab.eu\/wp-content\/uploads\/2026\/04\/kydexx.jpg","contentUrl":"https:\/\/epoxylab.eu\/wp-content\/uploads\/2026\/04\/kydexx.jpg","width":1254,"height":1254},{"@type":"BreadcrumbList","@id":"https:\/\/epoxylab.eu\/shop\/kydex\/kydex-wazne-informacje-dla-kupujacych\/#breadcrumb","itemListElement":[{"@type":"ListItem","position":1,"name":"Strona g\u0142\u00f3wna","item":"https:\/\/epoxylab.eu\/"},{"@type":"ListItem","position":2,"name":"Shop","item":"https:\/\/epoxylab.eu\/shop\/"},{"@type":"ListItem","position":3,"name":"Kydex &#8211; wa\u017cne informacje dla kupuj\u0105cych"}]},{"@type":"WebSite","@id":"https:\/\/epoxylab.eu\/#website","url":"https:\/\/epoxylab.eu\/","name":"epoxylab.eu","description":"Sklep z materia\u0142ami na r\u0119koje\u015bci no\u017cy","publisher":{"@id":"https:\/\/epoxylab.eu\/#organization"},"potentialAction":[{"@type":"SearchAction","target":{"@type":"EntryPoint","urlTemplate":"https:\/\/epoxylab.eu\/?s={search_term_string}"},"query-input":{"@type":"PropertyValueSpecification","valueRequired":true,"valueName":"search_term_string"}}],"inLanguage":"en-GB"},{"@type":"Organization","@id":"https:\/\/epoxylab.eu\/#organization","name":"epoxylab.eu","url":"https:\/\/epoxylab.eu\/","logo":{"@type":"ImageObject","inLanguage":"en-GB","@id":"https:\/\/epoxylab.eu\/#\/schema\/logo\/image\/","url":"https:\/\/epoxylab.eu\/wp-content\/uploads\/2025\/02\/cropped-logo2.webp","contentUrl":"https:\/\/epoxylab.eu\/wp-content\/uploads\/2025\/02\/cropped-logo2.webp","width":300,"height":65,"caption":"epoxylab.eu"},"image":{"@id":"https:\/\/epoxylab.eu\/#\/schema\/logo\/image\/"}}]}},"jetpack_sharing_enabled":true,"_links":{"self":[{"href":"https:\/\/epoxylab.eu\/en\/wp-json\/wp\/v2\/product\/13997","targetHints":{"allow":["GET"]}}],"collection":[{"href":"https:\/\/epoxylab.eu\/en\/wp-json\/wp\/v2\/product"}],"about":[{"href":"https:\/\/epoxylab.eu\/en\/wp-json\/wp\/v2\/types\/product"}],"wp:featuredmedia":[{"embeddable":true,"href":"https:\/\/epoxylab.eu\/en\/wp-json\/wp\/v2\/media\/13999"}],"wp:attachment":[{"href":"https:\/\/epoxylab.eu\/en\/wp-json\/wp\/v2\/media?parent=13997"}],"wp:term":[{"taxonomy":"product_brand","embeddable":true,"href":"https:\/\/epoxylab.eu\/en\/wp-json\/wp\/v2\/product_brand?post=13997"},{"taxonomy":"product_cat","embeddable":true,"href":"https:\/\/epoxylab.eu\/en\/wp-json\/wp\/v2\/product_cat?post=13997"},{"taxonomy":"product_tag","embeddable":true,"href":"https:\/\/epoxylab.eu\/en\/wp-json\/wp\/v2\/product_tag?post=13997"}],"curies":[{"name":"wp","href":"https:\/\/api.w.org\/{rel}","templated":true}]}}