{"id":13312,"date":"2026-01-26T08:06:39","date_gmt":"2026-01-26T07:06:39","guid":{"rendered":"https:\/\/epoxylab.eu\/?post_type=product&#038;p=13312"},"modified":"2026-03-10T00:01:59","modified_gmt":"2026-03-09T23:01:59","slug":"drewno-stabilizowane-559-2","status":"publish","type":"product","link":"https:\/\/epoxylab.eu\/en\/shop\/drewno-stabilizowane\/drewno-stabilizowane-559-2\/","title":{"rendered":"Drewno stabilizowane &#8211; 559"},"content":{"rendered":"","protected":false},"excerpt":{"rendered":"","protected":false},"featured_media":13265,"template":"","meta":{"site-sidebar-layout":"default","site-content-layout":"default","ast-site-content-layout":"default","site-content-style":"default","site-sidebar-style":"default","ast-global-header-display":"","ast-banner-title-visibility":"","ast-main-header-display":"","ast-hfb-above-header-display":"","ast-hfb-below-header-display":"","ast-hfb-mobile-header-display":"","site-post-title":"","ast-breadcrumbs-content":"","ast-featured-img":"","footer-sml-layout":"","theme-transparent-header-meta":"default","adv-header-id-meta":"","stick-header-meta":"","header-above-stick-meta":"","header-main-stick-meta":"","header-below-stick-meta":"","astra-migrate-meta-layouts":"set","ast-page-background-enabled":"default","ast-page-background-meta":{"desktop":{"background-color":"","background-image":"","background-repeat":"repeat","background-position":"center center","background-size":"auto","background-attachment":"scroll","background-type":"","background-media":"","overlay-type":"","overlay-color":"","overlay-opacity":"","overlay-gradient":""},"tablet":{"background-color":"","background-image":"","background-repeat":"repeat","background-position":"center center","background-size":"auto","background-attachment":"scroll","background-type":"","background-media":"","overlay-type":"","overlay-color":"","overlay-opacity":"","overlay-gradient":""},"mobile":{"background-color":"","background-image":"","background-repeat":"repeat","background-position":"center center","background-size":"auto","background-attachment":"scroll","background-type":"","background-media":"","overlay-type":"","overlay-color":"","overlay-opacity":"","overlay-gradient":""}},"ast-content-background-meta":{"desktop":{"background-color":"var(--ast-global-color-5)","background-image":"","background-repeat":"repeat","background-position":"center center","background-size":"auto","background-attachment":"scroll","background-type":"","background-media":"","overlay-type":"","overlay-color":"","overlay-opacity":"","overlay-gradient":""},"tablet":{"background-color":"var(--ast-global-color-5)","background-image":"","background-repeat":"repeat","background-position":"center center","background-size":"auto","background-attachment":"scroll","background-type":"","background-media":"","overlay-type":"","overlay-color":"","overlay-opacity":"","overlay-gradient":""},"mobile":{"background-color":"var(--ast-global-color-5)","background-image":"","background-repeat":"repeat","background-position":"center center","background-size":"auto","background-attachment":"scroll","background-type":"","background-media":"","overlay-type":"","overlay-color":"","overlay-opacity":"","overlay-gradient":""}}},"product_brand":[],"product_cat":[52],"product_tag":[],"class_list":{"0":"post-13312","1":"product","2":"type-product","3":"status-publish","4":"has-post-thumbnail","6":"product_cat-drewno-stabilizowane","7":"desktop-align-left","8":"tablet-align-left","9":"mobile-align-left","11":"first","12":"outofstock","13":"shipping-taxable","14":"purchasable","15":"product-type-simple"},"yoast_head":"<!-- This site is optimized with the Yoast SEO plugin v27.2 - https:\/\/yoast.com\/product\/yoast-seo-wordpress\/ -->\n<title>Drewno stabilizowane - 559 - epoxylab.eu<\/title>\n<meta name=\"description\" content=\"Drewno stabilizowane na r\u0119koje\u015b\u0107 no\u017ca. Hybryda, czeczota klonu. Stabilizowana czeczota, maple burl\" \/>\n<meta name=\"robots\" content=\"index, follow, max-snippet:-1, max-image-preview:large, max-video-preview:-1\" \/>\n<link rel=\"canonical\" href=\"https:\/\/epoxylab.eu\/en\/shop\/drewno-stabilizowane\/drewno-stabilizowane-559-2\/\" \/>\n<meta property=\"og:locale\" content=\"en_GB\" \/>\n<meta property=\"og:type\" content=\"article\" \/>\n<meta property=\"og:title\" content=\"Drewno stabilizowane - 559 - epoxylab.eu\" \/>\n<meta property=\"og:description\" content=\"Drewno stabilizowane na r\u0119koje\u015b\u0107 no\u017ca. Hybryda, czeczota klonu. Stabilizowana czeczota, maple burl\" \/>\n<meta property=\"og:url\" content=\"https:\/\/epoxylab.eu\/en\/shop\/drewno-stabilizowane\/drewno-stabilizowane-559-2\/\" \/>\n<meta property=\"og:site_name\" content=\"epoxylab.eu\" \/>\n<meta property=\"article:modified_time\" content=\"2026-03-09T23:01:59+00:00\" \/>\n<meta property=\"og:image\" content=\"https:\/\/epoxylab.eu\/wp-content\/uploads\/2026\/01\/559-scaled.jpg\" \/>\n\t<meta property=\"og:image:width\" content=\"2560\" \/>\n\t<meta property=\"og:image:height\" content=\"2560\" \/>\n\t<meta property=\"og:image:type\" content=\"image\/jpeg\" \/>\n<meta name=\"twitter:card\" content=\"summary_large_image\" \/>\n<meta name=\"twitter:label1\" content=\"Estimated reading time\" \/>\n\t<meta name=\"twitter:data1\" content=\"1 minute\" \/>\n<script type=\"application\/ld+json\" class=\"yoast-schema-graph\">{\"@context\":\"https:\/\/schema.org\",\"@graph\":[{\"@type\":\"WebPage\",\"@id\":\"https:\/\/epoxylab.eu\/shop\/drewno-stabilizowane\/drewno-stabilizowane-559-2\/\",\"url\":\"https:\/\/epoxylab.eu\/shop\/drewno-stabilizowane\/drewno-stabilizowane-559-2\/\",\"name\":\"Drewno stabilizowane - 559 - epoxylab.eu\",\"isPartOf\":{\"@id\":\"https:\/\/epoxylab.eu\/#website\"},\"primaryImageOfPage\":{\"@id\":\"https:\/\/epoxylab.eu\/shop\/drewno-stabilizowane\/drewno-stabilizowane-559-2\/#primaryimage\"},\"image\":{\"@id\":\"https:\/\/epoxylab.eu\/shop\/drewno-stabilizowane\/drewno-stabilizowane-559-2\/#primaryimage\"},\"thumbnailUrl\":\"https:\/\/epoxylab.eu\/wp-content\/uploads\/2026\/01\/559-scaled.jpg\",\"datePublished\":\"2026-01-26T07:06:39+00:00\",\"dateModified\":\"2026-03-09T23:01:59+00:00\",\"description\":\"Drewno stabilizowane na r\u0119koje\u015b\u0107 no\u017ca. Hybryda, czeczota klonu. Stabilizowana czeczota, maple burl\",\"breadcrumb\":{\"@id\":\"https:\/\/epoxylab.eu\/shop\/drewno-stabilizowane\/drewno-stabilizowane-559-2\/#breadcrumb\"},\"inLanguage\":\"en-GB\",\"potentialAction\":[{\"@type\":\"ReadAction\",\"target\":[\"https:\/\/epoxylab.eu\/shop\/drewno-stabilizowane\/drewno-stabilizowane-559-2\/\"]}]},{\"@type\":\"ImageObject\",\"inLanguage\":\"en-GB\",\"@id\":\"https:\/\/epoxylab.eu\/shop\/drewno-stabilizowane\/drewno-stabilizowane-559-2\/#primaryimage\",\"url\":\"https:\/\/epoxylab.eu\/wp-content\/uploads\/2026\/01\/559-scaled.jpg\",\"contentUrl\":\"https:\/\/epoxylab.eu\/wp-content\/uploads\/2026\/01\/559-scaled.jpg\",\"width\":2560,\"height\":2560},{\"@type\":\"BreadcrumbList\",\"@id\":\"https:\/\/epoxylab.eu\/shop\/drewno-stabilizowane\/drewno-stabilizowane-559-2\/#breadcrumb\",\"itemListElement\":[{\"@type\":\"ListItem\",\"position\":1,\"name\":\"Strona g\u0142\u00f3wna\",\"item\":\"https:\/\/epoxylab.eu\/\"},{\"@type\":\"ListItem\",\"position\":2,\"name\":\"Shop\",\"item\":\"https:\/\/epoxylab.eu\/shop\/\"},{\"@type\":\"ListItem\",\"position\":3,\"name\":\"Drewno stabilizowane &#8211; 559\"}]},{\"@type\":\"WebSite\",\"@id\":\"https:\/\/epoxylab.eu\/#website\",\"url\":\"https:\/\/epoxylab.eu\/\",\"name\":\"epoxylab.eu\",\"description\":\"Sklep z materia\u0142ami na r\u0119koje\u015bci no\u017cy\",\"publisher\":{\"@id\":\"https:\/\/epoxylab.eu\/#organization\"},\"potentialAction\":[{\"@type\":\"SearchAction\",\"target\":{\"@type\":\"EntryPoint\",\"urlTemplate\":\"https:\/\/epoxylab.eu\/?s={search_term_string}\"},\"query-input\":{\"@type\":\"PropertyValueSpecification\",\"valueRequired\":true,\"valueName\":\"search_term_string\"}}],\"inLanguage\":\"en-GB\"},{\"@type\":\"Organization\",\"@id\":\"https:\/\/epoxylab.eu\/#organization\",\"name\":\"epoxylab.eu\",\"url\":\"https:\/\/epoxylab.eu\/\",\"logo\":{\"@type\":\"ImageObject\",\"inLanguage\":\"en-GB\",\"@id\":\"https:\/\/epoxylab.eu\/#\/schema\/logo\/image\/\",\"url\":\"https:\/\/epoxylab.eu\/wp-content\/uploads\/2025\/02\/cropped-logo2.webp\",\"contentUrl\":\"https:\/\/epoxylab.eu\/wp-content\/uploads\/2025\/02\/cropped-logo2.webp\",\"width\":300,\"height\":65,\"caption\":\"epoxylab.eu\"},\"image\":{\"@id\":\"https:\/\/epoxylab.eu\/#\/schema\/logo\/image\/\"}}]}<\/script>\n<!-- \/ Yoast SEO plugin. -->","yoast_head_json":{"title":"Drewno stabilizowane - 559 - epoxylab.eu","description":"Drewno stabilizowane na r\u0119koje\u015b\u0107 no\u017ca. Hybryda, czeczota klonu. Stabilizowana czeczota, maple burl","robots":{"index":"index","follow":"follow","max-snippet":"max-snippet:-1","max-image-preview":"max-image-preview:large","max-video-preview":"max-video-preview:-1"},"canonical":"https:\/\/epoxylab.eu\/en\/shop\/drewno-stabilizowane\/drewno-stabilizowane-559-2\/","og_locale":"en_GB","og_type":"article","og_title":"Drewno stabilizowane - 559 - epoxylab.eu","og_description":"Drewno stabilizowane na r\u0119koje\u015b\u0107 no\u017ca. Hybryda, czeczota klonu. Stabilizowana czeczota, maple burl","og_url":"https:\/\/epoxylab.eu\/en\/shop\/drewno-stabilizowane\/drewno-stabilizowane-559-2\/","og_site_name":"epoxylab.eu","article_modified_time":"2026-03-09T23:01:59+00:00","og_image":[{"width":2560,"height":2560,"url":"https:\/\/epoxylab.eu\/wp-content\/uploads\/2026\/01\/559-scaled.jpg","type":"image\/jpeg"}],"twitter_card":"summary_large_image","twitter_misc":{"Estimated reading time":"1 minute"},"schema":{"@context":"https:\/\/schema.org","@graph":[{"@type":"WebPage","@id":"https:\/\/epoxylab.eu\/shop\/drewno-stabilizowane\/drewno-stabilizowane-559-2\/","url":"https:\/\/epoxylab.eu\/shop\/drewno-stabilizowane\/drewno-stabilizowane-559-2\/","name":"Drewno stabilizowane - 559 - epoxylab.eu","isPartOf":{"@id":"https:\/\/epoxylab.eu\/#website"},"primaryImageOfPage":{"@id":"https:\/\/epoxylab.eu\/shop\/drewno-stabilizowane\/drewno-stabilizowane-559-2\/#primaryimage"},"image":{"@id":"https:\/\/epoxylab.eu\/shop\/drewno-stabilizowane\/drewno-stabilizowane-559-2\/#primaryimage"},"thumbnailUrl":"https:\/\/epoxylab.eu\/wp-content\/uploads\/2026\/01\/559-scaled.jpg","datePublished":"2026-01-26T07:06:39+00:00","dateModified":"2026-03-09T23:01:59+00:00","description":"Drewno stabilizowane na r\u0119koje\u015b\u0107 no\u017ca. Hybryda, czeczota klonu. Stabilizowana czeczota, maple burl","breadcrumb":{"@id":"https:\/\/epoxylab.eu\/shop\/drewno-stabilizowane\/drewno-stabilizowane-559-2\/#breadcrumb"},"inLanguage":"en-GB","potentialAction":[{"@type":"ReadAction","target":["https:\/\/epoxylab.eu\/shop\/drewno-stabilizowane\/drewno-stabilizowane-559-2\/"]}]},{"@type":"ImageObject","inLanguage":"en-GB","@id":"https:\/\/epoxylab.eu\/shop\/drewno-stabilizowane\/drewno-stabilizowane-559-2\/#primaryimage","url":"https:\/\/epoxylab.eu\/wp-content\/uploads\/2026\/01\/559-scaled.jpg","contentUrl":"https:\/\/epoxylab.eu\/wp-content\/uploads\/2026\/01\/559-scaled.jpg","width":2560,"height":2560},{"@type":"BreadcrumbList","@id":"https:\/\/epoxylab.eu\/shop\/drewno-stabilizowane\/drewno-stabilizowane-559-2\/#breadcrumb","itemListElement":[{"@type":"ListItem","position":1,"name":"Strona g\u0142\u00f3wna","item":"https:\/\/epoxylab.eu\/"},{"@type":"ListItem","position":2,"name":"Shop","item":"https:\/\/epoxylab.eu\/shop\/"},{"@type":"ListItem","position":3,"name":"Drewno stabilizowane &#8211; 559"}]},{"@type":"WebSite","@id":"https:\/\/epoxylab.eu\/#website","url":"https:\/\/epoxylab.eu\/","name":"epoxylab.eu","description":"Sklep z materia\u0142ami na r\u0119koje\u015bci no\u017cy","publisher":{"@id":"https:\/\/epoxylab.eu\/#organization"},"potentialAction":[{"@type":"SearchAction","target":{"@type":"EntryPoint","urlTemplate":"https:\/\/epoxylab.eu\/?s={search_term_string}"},"query-input":{"@type":"PropertyValueSpecification","valueRequired":true,"valueName":"search_term_string"}}],"inLanguage":"en-GB"},{"@type":"Organization","@id":"https:\/\/epoxylab.eu\/#organization","name":"epoxylab.eu","url":"https:\/\/epoxylab.eu\/","logo":{"@type":"ImageObject","inLanguage":"en-GB","@id":"https:\/\/epoxylab.eu\/#\/schema\/logo\/image\/","url":"https:\/\/epoxylab.eu\/wp-content\/uploads\/2025\/02\/cropped-logo2.webp","contentUrl":"https:\/\/epoxylab.eu\/wp-content\/uploads\/2025\/02\/cropped-logo2.webp","width":300,"height":65,"caption":"epoxylab.eu"},"image":{"@id":"https:\/\/epoxylab.eu\/#\/schema\/logo\/image\/"}}]}},"jetpack_sharing_enabled":true,"_links":{"self":[{"href":"https:\/\/epoxylab.eu\/en\/wp-json\/wp\/v2\/product\/13312","targetHints":{"allow":["GET"]}}],"collection":[{"href":"https:\/\/epoxylab.eu\/en\/wp-json\/wp\/v2\/product"}],"about":[{"href":"https:\/\/epoxylab.eu\/en\/wp-json\/wp\/v2\/types\/product"}],"wp:featuredmedia":[{"embeddable":true,"href":"https:\/\/epoxylab.eu\/en\/wp-json\/wp\/v2\/media\/13265"}],"wp:attachment":[{"href":"https:\/\/epoxylab.eu\/en\/wp-json\/wp\/v2\/media?parent=13312"}],"wp:term":[{"taxonomy":"product_brand","embeddable":true,"href":"https:\/\/epoxylab.eu\/en\/wp-json\/wp\/v2\/product_brand?post=13312"},{"taxonomy":"product_cat","embeddable":true,"href":"https:\/\/epoxylab.eu\/en\/wp-json\/wp\/v2\/product_cat?post=13312"},{"taxonomy":"product_tag","embeddable":true,"href":"https:\/\/epoxylab.eu\/en\/wp-json\/wp\/v2\/product_tag?post=13312"}],"curies":[{"name":"wp","href":"https:\/\/api.w.org\/{rel}","templated":true}]}}