{"id":12897,"date":"2025-11-26T12:38:23","date_gmt":"2025-11-26T11:38:23","guid":{"rendered":"https:\/\/epoxylab.eu\/?post_type=product&#038;p=12897"},"modified":"2025-11-26T12:41:56","modified_gmt":"2025-11-26T11:41:56","slug":"ekarta-150x500-mm-olive-canvas-2","status":"publish","type":"product","link":"https:\/\/epoxylab.eu\/en\/shop\/duze-formatki-500-mm\/ecarta-150x500-mm\/ekarta-150x500-mm-olive-canvas-2\/","title":{"rendered":"Ekarta 150&#215;500 mm &#8211; olive canvas"},"content":{"rendered":"<p><span data-sheets-value=\"{&quot;1&quot;:2,&quot;2&quot;:&quot;Laminat z tkanin tekstylnych oraz \u017cywicy epoksydowej\\, zaprojektowany specjalnie na r\u0119koje\u015bci no\u017cy. W strukturze mog\u0105 pojawi\u0107 si\u0119 pory\\, polecamy piaskowanie powierzchni\\, finalny efekt b\u0119dzie lepszy ni\u017c przy polerowaniu. Grubo\u015b\u0107 mo\u017ce by\u0107 wi\u0119ksza o oko\u0142o 0\\,5 mm.&quot;}\" data-sheets-userformat=\"{&quot;2&quot;:573,&quot;3&quot;:{&quot;1&quot;:0},&quot;5&quot;:{&quot;1&quot;:[{&quot;1&quot;:2,&quot;2&quot;:0,&quot;5&quot;:{&quot;1&quot;:2,&quot;2&quot;:0}},{&quot;1&quot;:0,&quot;2&quot;:0,&quot;3&quot;:3},{&quot;1&quot;:1,&quot;2&quot;:0,&quot;4&quot;:1}]},&quot;6&quot;:{&quot;1&quot;:[{&quot;1&quot;:2,&quot;2&quot;:0,&quot;5&quot;:{&quot;1&quot;:2,&quot;2&quot;:0}},{&quot;1&quot;:0,&quot;2&quot;:0,&quot;3&quot;:3},{&quot;1&quot;:1,&quot;2&quot;:0,&quot;4&quot;:1}]},&quot;7&quot;:{&quot;1&quot;:[{&quot;1&quot;:2,&quot;2&quot;:0,&quot;5&quot;:{&quot;1&quot;:2,&quot;2&quot;:0}},{&quot;1&quot;:0,&quot;2&quot;:0,&quot;3&quot;:3},{&quot;1&quot;:1,&quot;2&quot;:0,&quot;4&quot;:1}]},&quot;8&quot;:{&quot;1&quot;:[{&quot;1&quot;:2,&quot;2&quot;:0,&quot;5&quot;:{&quot;1&quot;:2,&quot;2&quot;:0}},{&quot;1&quot;:0,&quot;2&quot;:0,&quot;3&quot;:3},{&quot;1&quot;:1,&quot;2&quot;:0,&quot;4&quot;:1}]},&quot;12&quot;:0}\">Laminat z tkanin tekstylnych oraz \u017cywicy epoksydowej, zaprojektowany specjalnie na r\u0119koje\u015bci no\u017cy. W strukturze mog\u0105 pojawi\u0107 si\u0119 pory, polecamy piaskowanie powierzchni, finalny efekt b\u0119dzie lepszy ni\u017c przy polerowaniu. Grubo\u015b\u0107 mo\u017ce by\u0107 wi\u0119ksza o oko\u0142o 0,5 mm.<\/span><\/p>\n","protected":false},"excerpt":{"rendered":"<p>Composite made of textile fabrics and epoxy resin, specially designed for knife handles. Pores may appear in the structure, we recommend sandblasting the surface, the final effect will be better than when polishing. The thickness may be about 0.5 mm greater.<\/p>","protected":false},"featured_media":12901,"template":"","meta":{"site-sidebar-layout":"default","site-content-layout":"default","ast-site-content-layout":"default","site-content-style":"default","site-sidebar-style":"default","ast-global-header-display":"","ast-banner-title-visibility":"","ast-main-header-display":"","ast-hfb-above-header-display":"","ast-hfb-below-header-display":"","ast-hfb-mobile-header-display":"","site-post-title":"","ast-breadcrumbs-content":"","ast-featured-img":"","footer-sml-layout":"","theme-transparent-header-meta":"default","adv-header-id-meta":"","stick-header-meta":"","header-above-stick-meta":"","header-main-stick-meta":"","header-below-stick-meta":"","astra-migrate-meta-layouts":"set","ast-page-background-enabled":"default","ast-page-background-meta":{"desktop":{"background-color":"","background-image":"","background-repeat":"repeat","background-position":"center center","background-size":"auto","background-attachment":"scroll","background-type":"","background-media":"","overlay-type":"","overlay-color":"","overlay-opacity":"","overlay-gradient":""},"tablet":{"background-color":"","background-image":"","background-repeat":"repeat","background-position":"center center","background-size":"auto","background-attachment":"scroll","background-type":"","background-media":"","overlay-type":"","overlay-color":"","overlay-opacity":"","overlay-gradient":""},"mobile":{"background-color":"","background-image":"","background-repeat":"repeat","background-position":"center center","background-size":"auto","background-attachment":"scroll","background-type":"","background-media":"","overlay-type":"","overlay-color":"","overlay-opacity":"","overlay-gradient":""}},"ast-content-background-meta":{"desktop":{"background-color":"var(--ast-global-color-5)","background-image":"","background-repeat":"repeat","background-position":"center center","background-size":"auto","background-attachment":"scroll","background-type":"","background-media":"","overlay-type":"","overlay-color":"","overlay-opacity":"","overlay-gradient":""},"tablet":{"background-color":"var(--ast-global-color-5)","background-image":"","background-repeat":"repeat","background-position":"center center","background-size":"auto","background-attachment":"scroll","background-type":"","background-media":"","overlay-type":"","overlay-color":"","overlay-opacity":"","overlay-gradient":""},"mobile":{"background-color":"var(--ast-global-color-5)","background-image":"","background-repeat":"repeat","background-position":"center center","background-size":"auto","background-attachment":"scroll","background-type":"","background-media":"","overlay-type":"","overlay-color":"","overlay-opacity":"","overlay-gradient":""}}},"product_brand":[],"product_cat":[51],"product_tag":[],"class_list":{"0":"post-12897","1":"product","2":"type-product","3":"status-publish","4":"has-post-thumbnail","6":"product_cat-ecarta-150x500-mm","7":"desktop-align-left","8":"tablet-align-left","9":"mobile-align-left","11":"first","12":"instock","13":"shipping-taxable","14":"purchasable","15":"product-type-variable"},"yoast_head":"<!-- This site is optimized with the Yoast SEO plugin v27.4 - https:\/\/yoast.com\/product\/yoast-seo-wordpress\/ -->\n<title>Ekarta 150x500 mm - olive canvas - epoxylab.eu<\/title>\n<meta name=\"description\" content=\"Canvas micarta, knifemaking. Mikarta na r\u0119koje\u015b\u0107 no\u017ca. Oliwkowe G10. Olive canvas micarta\" \/>\n<meta name=\"robots\" content=\"index, follow, max-snippet:-1, max-image-preview:large, max-video-preview:-1\" \/>\n<link rel=\"canonical\" href=\"https:\/\/epoxylab.eu\/en\/shop\/duze-formatki-500-mm\/ecarta-150x500-mm\/ekarta-150x500-mm-olive-canvas-2\/\" \/>\n<meta property=\"og:locale\" content=\"en_GB\" \/>\n<meta property=\"og:type\" content=\"article\" \/>\n<meta property=\"og:title\" content=\"Ekarta 150x500 mm - olive canvas - epoxylab.eu\" \/>\n<meta property=\"og:description\" content=\"Canvas micarta, knifemaking. Mikarta na r\u0119koje\u015b\u0107 no\u017ca. Oliwkowe G10. Olive canvas micarta\" \/>\n<meta property=\"og:url\" content=\"https:\/\/epoxylab.eu\/en\/shop\/duze-formatki-500-mm\/ecarta-150x500-mm\/ekarta-150x500-mm-olive-canvas-2\/\" \/>\n<meta property=\"og:site_name\" content=\"epoxylab.eu\" \/>\n<meta property=\"article:modified_time\" content=\"2025-11-26T11:41:56+00:00\" \/>\n<meta property=\"og:image\" content=\"https:\/\/epoxylab.eu\/wp-content\/uploads\/2025\/11\/20251126_123016.jpg\" \/>\n\t<meta property=\"og:image:width\" content=\"1209\" \/>\n\t<meta property=\"og:image:height\" content=\"1209\" \/>\n\t<meta property=\"og:image:type\" content=\"image\/jpeg\" \/>\n<meta name=\"twitter:card\" content=\"summary_large_image\" \/>\n<meta name=\"twitter:label1\" content=\"Estimated reading time\" \/>\n\t<meta name=\"twitter:data1\" content=\"1 minute\" \/>\n<script type=\"application\/ld+json\" class=\"yoast-schema-graph\">{\"@context\":\"https:\\\/\\\/schema.org\",\"@graph\":[{\"@type\":\"WebPage\",\"@id\":\"https:\\\/\\\/epoxylab.eu\\\/shop\\\/duze-formatki-500-mm\\\/ecarta-150x500-mm\\\/ekarta-150x500-mm-olive-canvas-2\\\/\",\"url\":\"https:\\\/\\\/epoxylab.eu\\\/shop\\\/duze-formatki-500-mm\\\/ecarta-150x500-mm\\\/ekarta-150x500-mm-olive-canvas-2\\\/\",\"name\":\"Ekarta 150x500 mm - olive canvas - epoxylab.eu\",\"isPartOf\":{\"@id\":\"https:\\\/\\\/epoxylab.eu\\\/#website\"},\"primaryImageOfPage\":{\"@id\":\"https:\\\/\\\/epoxylab.eu\\\/shop\\\/duze-formatki-500-mm\\\/ecarta-150x500-mm\\\/ekarta-150x500-mm-olive-canvas-2\\\/#primaryimage\"},\"image\":{\"@id\":\"https:\\\/\\\/epoxylab.eu\\\/shop\\\/duze-formatki-500-mm\\\/ecarta-150x500-mm\\\/ekarta-150x500-mm-olive-canvas-2\\\/#primaryimage\"},\"thumbnailUrl\":\"https:\\\/\\\/epoxylab.eu\\\/wp-content\\\/uploads\\\/2025\\\/11\\\/20251126_123016.jpg\",\"datePublished\":\"2025-11-26T11:38:23+00:00\",\"dateModified\":\"2025-11-26T11:41:56+00:00\",\"description\":\"Canvas micarta, knifemaking. Mikarta na r\u0119koje\u015b\u0107 no\u017ca. Oliwkowe G10. Olive canvas micarta\",\"breadcrumb\":{\"@id\":\"https:\\\/\\\/epoxylab.eu\\\/shop\\\/duze-formatki-500-mm\\\/ecarta-150x500-mm\\\/ekarta-150x500-mm-olive-canvas-2\\\/#breadcrumb\"},\"inLanguage\":\"en-GB\",\"potentialAction\":[{\"@type\":\"ReadAction\",\"target\":[\"https:\\\/\\\/epoxylab.eu\\\/shop\\\/duze-formatki-500-mm\\\/ecarta-150x500-mm\\\/ekarta-150x500-mm-olive-canvas-2\\\/\"]}]},{\"@type\":\"ImageObject\",\"inLanguage\":\"en-GB\",\"@id\":\"https:\\\/\\\/epoxylab.eu\\\/shop\\\/duze-formatki-500-mm\\\/ecarta-150x500-mm\\\/ekarta-150x500-mm-olive-canvas-2\\\/#primaryimage\",\"url\":\"https:\\\/\\\/epoxylab.eu\\\/wp-content\\\/uploads\\\/2025\\\/11\\\/20251126_123016.jpg\",\"contentUrl\":\"https:\\\/\\\/epoxylab.eu\\\/wp-content\\\/uploads\\\/2025\\\/11\\\/20251126_123016.jpg\",\"width\":1209,\"height\":1209},{\"@type\":\"BreadcrumbList\",\"@id\":\"https:\\\/\\\/epoxylab.eu\\\/shop\\\/duze-formatki-500-mm\\\/ecarta-150x500-mm\\\/ekarta-150x500-mm-olive-canvas-2\\\/#breadcrumb\",\"itemListElement\":[{\"@type\":\"ListItem\",\"position\":1,\"name\":\"Strona g\u0142\u00f3wna\",\"item\":\"https:\\\/\\\/epoxylab.eu\\\/\"},{\"@type\":\"ListItem\",\"position\":2,\"name\":\"Shop\",\"item\":\"https:\\\/\\\/epoxylab.eu\\\/shop\\\/\"},{\"@type\":\"ListItem\",\"position\":3,\"name\":\"Ekarta 150&#215;500 mm &#8211; olive canvas\"}]},{\"@type\":\"WebSite\",\"@id\":\"https:\\\/\\\/epoxylab.eu\\\/#website\",\"url\":\"https:\\\/\\\/epoxylab.eu\\\/\",\"name\":\"epoxylab.eu\",\"description\":\"Sklep z materia\u0142ami na r\u0119koje\u015bci no\u017cy\",\"publisher\":{\"@id\":\"https:\\\/\\\/epoxylab.eu\\\/#organization\"},\"potentialAction\":[{\"@type\":\"SearchAction\",\"target\":{\"@type\":\"EntryPoint\",\"urlTemplate\":\"https:\\\/\\\/epoxylab.eu\\\/?s={search_term_string}\"},\"query-input\":{\"@type\":\"PropertyValueSpecification\",\"valueRequired\":true,\"valueName\":\"search_term_string\"}}],\"inLanguage\":\"en-GB\"},{\"@type\":\"Organization\",\"@id\":\"https:\\\/\\\/epoxylab.eu\\\/#organization\",\"name\":\"epoxylab.eu\",\"url\":\"https:\\\/\\\/epoxylab.eu\\\/\",\"logo\":{\"@type\":\"ImageObject\",\"inLanguage\":\"en-GB\",\"@id\":\"https:\\\/\\\/epoxylab.eu\\\/#\\\/schema\\\/logo\\\/image\\\/\",\"url\":\"https:\\\/\\\/epoxylab.eu\\\/wp-content\\\/uploads\\\/2025\\\/02\\\/cropped-logo2.webp\",\"contentUrl\":\"https:\\\/\\\/epoxylab.eu\\\/wp-content\\\/uploads\\\/2025\\\/02\\\/cropped-logo2.webp\",\"width\":300,\"height\":65,\"caption\":\"epoxylab.eu\"},\"image\":{\"@id\":\"https:\\\/\\\/epoxylab.eu\\\/#\\\/schema\\\/logo\\\/image\\\/\"}}]}<\/script>\n<!-- \/ Yoast SEO plugin. -->","yoast_head_json":{"title":"Ekarta 150x500 mm - olive canvas - epoxylab.eu","description":"Canvas micarta, knifemaking. Mikarta na r\u0119koje\u015b\u0107 no\u017ca. Oliwkowe G10. Olive canvas micarta","robots":{"index":"index","follow":"follow","max-snippet":"max-snippet:-1","max-image-preview":"max-image-preview:large","max-video-preview":"max-video-preview:-1"},"canonical":"https:\/\/epoxylab.eu\/en\/shop\/duze-formatki-500-mm\/ecarta-150x500-mm\/ekarta-150x500-mm-olive-canvas-2\/","og_locale":"en_GB","og_type":"article","og_title":"Ekarta 150x500 mm - olive canvas - epoxylab.eu","og_description":"Canvas micarta, knifemaking. Mikarta na r\u0119koje\u015b\u0107 no\u017ca. Oliwkowe G10. Olive canvas micarta","og_url":"https:\/\/epoxylab.eu\/en\/shop\/duze-formatki-500-mm\/ecarta-150x500-mm\/ekarta-150x500-mm-olive-canvas-2\/","og_site_name":"epoxylab.eu","article_modified_time":"2025-11-26T11:41:56+00:00","og_image":[{"width":1209,"height":1209,"url":"https:\/\/epoxylab.eu\/wp-content\/uploads\/2025\/11\/20251126_123016.jpg","type":"image\/jpeg"}],"twitter_card":"summary_large_image","twitter_misc":{"Estimated reading time":"1 minute"},"schema":{"@context":"https:\/\/schema.org","@graph":[{"@type":"WebPage","@id":"https:\/\/epoxylab.eu\/shop\/duze-formatki-500-mm\/ecarta-150x500-mm\/ekarta-150x500-mm-olive-canvas-2\/","url":"https:\/\/epoxylab.eu\/shop\/duze-formatki-500-mm\/ecarta-150x500-mm\/ekarta-150x500-mm-olive-canvas-2\/","name":"Ekarta 150x500 mm - olive canvas - epoxylab.eu","isPartOf":{"@id":"https:\/\/epoxylab.eu\/#website"},"primaryImageOfPage":{"@id":"https:\/\/epoxylab.eu\/shop\/duze-formatki-500-mm\/ecarta-150x500-mm\/ekarta-150x500-mm-olive-canvas-2\/#primaryimage"},"image":{"@id":"https:\/\/epoxylab.eu\/shop\/duze-formatki-500-mm\/ecarta-150x500-mm\/ekarta-150x500-mm-olive-canvas-2\/#primaryimage"},"thumbnailUrl":"https:\/\/epoxylab.eu\/wp-content\/uploads\/2025\/11\/20251126_123016.jpg","datePublished":"2025-11-26T11:38:23+00:00","dateModified":"2025-11-26T11:41:56+00:00","description":"Canvas micarta, knifemaking. Mikarta na r\u0119koje\u015b\u0107 no\u017ca. Oliwkowe G10. Olive canvas micarta","breadcrumb":{"@id":"https:\/\/epoxylab.eu\/shop\/duze-formatki-500-mm\/ecarta-150x500-mm\/ekarta-150x500-mm-olive-canvas-2\/#breadcrumb"},"inLanguage":"en-GB","potentialAction":[{"@type":"ReadAction","target":["https:\/\/epoxylab.eu\/shop\/duze-formatki-500-mm\/ecarta-150x500-mm\/ekarta-150x500-mm-olive-canvas-2\/"]}]},{"@type":"ImageObject","inLanguage":"en-GB","@id":"https:\/\/epoxylab.eu\/shop\/duze-formatki-500-mm\/ecarta-150x500-mm\/ekarta-150x500-mm-olive-canvas-2\/#primaryimage","url":"https:\/\/epoxylab.eu\/wp-content\/uploads\/2025\/11\/20251126_123016.jpg","contentUrl":"https:\/\/epoxylab.eu\/wp-content\/uploads\/2025\/11\/20251126_123016.jpg","width":1209,"height":1209},{"@type":"BreadcrumbList","@id":"https:\/\/epoxylab.eu\/shop\/duze-formatki-500-mm\/ecarta-150x500-mm\/ekarta-150x500-mm-olive-canvas-2\/#breadcrumb","itemListElement":[{"@type":"ListItem","position":1,"name":"Strona g\u0142\u00f3wna","item":"https:\/\/epoxylab.eu\/"},{"@type":"ListItem","position":2,"name":"Shop","item":"https:\/\/epoxylab.eu\/shop\/"},{"@type":"ListItem","position":3,"name":"Ekarta 150&#215;500 mm &#8211; olive canvas"}]},{"@type":"WebSite","@id":"https:\/\/epoxylab.eu\/#website","url":"https:\/\/epoxylab.eu\/","name":"epoxylab.eu","description":"Sklep z materia\u0142ami na r\u0119koje\u015bci no\u017cy","publisher":{"@id":"https:\/\/epoxylab.eu\/#organization"},"potentialAction":[{"@type":"SearchAction","target":{"@type":"EntryPoint","urlTemplate":"https:\/\/epoxylab.eu\/?s={search_term_string}"},"query-input":{"@type":"PropertyValueSpecification","valueRequired":true,"valueName":"search_term_string"}}],"inLanguage":"en-GB"},{"@type":"Organization","@id":"https:\/\/epoxylab.eu\/#organization","name":"epoxylab.eu","url":"https:\/\/epoxylab.eu\/","logo":{"@type":"ImageObject","inLanguage":"en-GB","@id":"https:\/\/epoxylab.eu\/#\/schema\/logo\/image\/","url":"https:\/\/epoxylab.eu\/wp-content\/uploads\/2025\/02\/cropped-logo2.webp","contentUrl":"https:\/\/epoxylab.eu\/wp-content\/uploads\/2025\/02\/cropped-logo2.webp","width":300,"height":65,"caption":"epoxylab.eu"},"image":{"@id":"https:\/\/epoxylab.eu\/#\/schema\/logo\/image\/"}}]}},"jetpack_sharing_enabled":true,"_links":{"self":[{"href":"https:\/\/epoxylab.eu\/en\/wp-json\/wp\/v2\/product\/12897","targetHints":{"allow":["GET"]}}],"collection":[{"href":"https:\/\/epoxylab.eu\/en\/wp-json\/wp\/v2\/product"}],"about":[{"href":"https:\/\/epoxylab.eu\/en\/wp-json\/wp\/v2\/types\/product"}],"wp:featuredmedia":[{"embeddable":true,"href":"https:\/\/epoxylab.eu\/en\/wp-json\/wp\/v2\/media\/12901"}],"wp:attachment":[{"href":"https:\/\/epoxylab.eu\/en\/wp-json\/wp\/v2\/media?parent=12897"}],"wp:term":[{"taxonomy":"product_brand","embeddable":true,"href":"https:\/\/epoxylab.eu\/en\/wp-json\/wp\/v2\/product_brand?post=12897"},{"taxonomy":"product_cat","embeddable":true,"href":"https:\/\/epoxylab.eu\/en\/wp-json\/wp\/v2\/product_cat?post=12897"},{"taxonomy":"product_tag","embeddable":true,"href":"https:\/\/epoxylab.eu\/en\/wp-json\/wp\/v2\/product_tag?post=12897"}],"curies":[{"name":"wp","href":"https:\/\/api.w.org\/{rel}","templated":true}]}}