{"id":12452,"date":"2025-10-02T08:10:48","date_gmt":"2025-10-02T06:10:48","guid":{"rendered":"https:\/\/epoxylab.eu\/?post_type=product&#038;p=12452"},"modified":"2026-04-17T08:30:38","modified_gmt":"2026-04-17T06:30:38","slug":"kydex-czarny-2mm-30x30-cm","status":"publish","type":"product","link":"https:\/\/epoxylab.eu\/en\/shop\/kydex\/kydex-czarny-2mm-30x30-cm\/","title":{"rendered":"Kydex czarny &#8211; 2mm &#8211; (29&#215;29 cm)"},"content":{"rendered":"<p class=\"my-2 [&amp;+p]:mt-4 [&amp;_strong:has(+br)]:inline-block [&amp;_strong:has(+br)]:pb-2\">Kydex to wytrzyma\u0142y, termoplastyczny materia\u0142 idealny na pochwy do no\u017cy. Po podgrzaniu staje si\u0119 plastyczny, co umo\u017cliwia precyzyjne dopasowanie do kszta\u0142tu ostrza.<\/p>\n<p class=\"my-2 [&amp;+p]:mt-4 [&amp;_strong:has(+br)]:inline-block [&amp;_strong:has(+br)]:pb-2\">Materia\u0142 ten charakteryzuje si\u0119 odporno\u015bci\u0105 na uszkodzenia, zarysowania, wilgo\u0107 i zmienne warunki atmosferyczne. Grubo\u015b\u0107 2 mm daje optymaln\u0105 sztywno\u015b\u0107 i ochron\u0119, nie zwi\u0119kszaj\u0105c wagi.<\/p>\n<p class=\"my-2 [&amp;+p]:mt-4 [&amp;_strong:has(+br)]:inline-block [&amp;_strong:has(+br)]:pb-2\">Pochwy z Kydexu trzymaj\u0105 n\u00f3\u017c pewnie, zwi\u0119kszaj\u0105c bezpiecze\u0144stwo. Dzi\u0119ki mo\u017cliwo\u015bci monta\u017cu na pasie lub w systemach MOLLE, sprawdz\u0105 si\u0119 w EDC i bushcrafcie.<\/p>\n","protected":false},"excerpt":{"rendered":"<p>Kydex to wytrzyma\u0142y, termoplastyczny materia\u0142 idealny na pochwy do no\u017cy. Po podgrzaniu staje si\u0119 plastyczny, co umo\u017cliwia precyzyjne dopasowanie do kszta\u0142tu ostrza. Materia\u0142 ten charakteryzuje si\u0119 odporno\u015bci\u0105 na uszkodzenia, zarysowania, wilgo\u0107 i zmienne warunki atmosferyczne. Grubo\u015b\u0107 2 mm daje optymaln\u0105 sztywno\u015b\u0107 i ochron\u0119, nie zwi\u0119kszaj\u0105c wagi. Pochwy z Kydexu trzymaj\u0105 n\u00f3\u017c pewnie, zwi\u0119kszaj\u0105c bezpiecze\u0144stwo. Dzi\u0119ki [&hellip;]<\/p>\n","protected":false},"featured_media":11846,"template":"","meta":{"site-sidebar-layout":"default","site-content-layout":"default","ast-site-content-layout":"default","site-content-style":"default","site-sidebar-style":"default","ast-global-header-display":"","ast-banner-title-visibility":"","ast-main-header-display":"","ast-hfb-above-header-display":"","ast-hfb-below-header-display":"","ast-hfb-mobile-header-display":"","site-post-title":"","ast-breadcrumbs-content":"","ast-featured-img":"","footer-sml-layout":"","theme-transparent-header-meta":"default","adv-header-id-meta":"","stick-header-meta":"","header-above-stick-meta":"","header-main-stick-meta":"","header-below-stick-meta":"","astra-migrate-meta-layouts":"set","ast-page-background-enabled":"default","ast-page-background-meta":{"desktop":{"background-color":"","background-image":"","background-repeat":"repeat","background-position":"center center","background-size":"auto","background-attachment":"scroll","background-type":"","background-media":"","overlay-type":"","overlay-color":"","overlay-opacity":"","overlay-gradient":""},"tablet":{"background-color":"","background-image":"","background-repeat":"repeat","background-position":"center center","background-size":"auto","background-attachment":"scroll","background-type":"","background-media":"","overlay-type":"","overlay-color":"","overlay-opacity":"","overlay-gradient":""},"mobile":{"background-color":"","background-image":"","background-repeat":"repeat","background-position":"center center","background-size":"auto","background-attachment":"scroll","background-type":"","background-media":"","overlay-type":"","overlay-color":"","overlay-opacity":"","overlay-gradient":""}},"ast-content-background-meta":{"desktop":{"background-color":"var(--ast-global-color-5)","background-image":"","background-repeat":"repeat","background-position":"center center","background-size":"auto","background-attachment":"scroll","background-type":"","background-media":"","overlay-type":"","overlay-color":"","overlay-opacity":"","overlay-gradient":""},"tablet":{"background-color":"var(--ast-global-color-5)","background-image":"","background-repeat":"repeat","background-position":"center center","background-size":"auto","background-attachment":"scroll","background-type":"","background-media":"","overlay-type":"","overlay-color":"","overlay-opacity":"","overlay-gradient":""},"mobile":{"background-color":"var(--ast-global-color-5)","background-image":"","background-repeat":"repeat","background-position":"center center","background-size":"auto","background-attachment":"scroll","background-type":"","background-media":"","overlay-type":"","overlay-color":"","overlay-opacity":"","overlay-gradient":""}}},"product_brand":[],"product_cat":[168],"product_tag":[],"class_list":{"0":"post-12452","1":"product","2":"type-product","3":"status-publish","4":"has-post-thumbnail","6":"product_cat-kydex","7":"desktop-align-left","8":"tablet-align-left","9":"mobile-align-left","11":"first","12":"instock","13":"shipping-taxable","14":"purchasable","15":"product-type-simple"},"yoast_head":"<!-- This site is optimized with the Yoast SEO plugin v27.2 - https:\/\/yoast.com\/product\/yoast-seo-wordpress\/ -->\n<title>Kydex czarny - 2mm - (29x29 cm) - epoxylab.eu<\/title>\n<meta name=\"description\" content=\"Kydex to lekki i wytrzyma\u0142y materia\u0142 do produkcji pochew na no\u017ce. \u0141atwy w formowaniu, odporny na wilgo\u0107, zarysowania i warunki atmosferyczne. Zapewnia sztywno\u015b\u0107, ochron\u0119 i pewne trzymanie ostrza. Idealny na pochwy EDC, bushcraft i survival.\" \/>\n<meta name=\"robots\" content=\"index, follow, max-snippet:-1, max-image-preview:large, max-video-preview:-1\" \/>\n<link rel=\"canonical\" href=\"https:\/\/epoxylab.eu\/en\/shop\/kydex\/kydex-czarny-2mm-30x30-cm\/\" \/>\n<meta property=\"og:locale\" content=\"en_GB\" \/>\n<meta property=\"og:type\" content=\"article\" \/>\n<meta property=\"og:title\" content=\"Kydex czarny - 2mm - (29x29 cm) - epoxylab.eu\" \/>\n<meta property=\"og:description\" content=\"Kydex to lekki i wytrzyma\u0142y materia\u0142 do produkcji pochew na no\u017ce. \u0141atwy w formowaniu, odporny na wilgo\u0107, zarysowania i warunki atmosferyczne. Zapewnia sztywno\u015b\u0107, ochron\u0119 i pewne trzymanie ostrza. Idealny na pochwy EDC, bushcraft i survival.\" \/>\n<meta property=\"og:url\" content=\"https:\/\/epoxylab.eu\/en\/shop\/kydex\/kydex-czarny-2mm-30x30-cm\/\" \/>\n<meta property=\"og:site_name\" content=\"epoxylab.eu\" \/>\n<meta property=\"article:modified_time\" content=\"2026-04-17T06:30:38+00:00\" \/>\n<meta property=\"og:image\" content=\"https:\/\/epoxylab.eu\/wp-content\/uploads\/2025\/08\/k1-scaled.jpg\" \/>\n\t<meta property=\"og:image:width\" content=\"2560\" \/>\n\t<meta property=\"og:image:height\" content=\"2560\" \/>\n\t<meta property=\"og:image:type\" content=\"image\/jpeg\" \/>\n<meta name=\"twitter:card\" content=\"summary_large_image\" \/>\n<meta name=\"twitter:label1\" content=\"Estimated reading time\" \/>\n\t<meta name=\"twitter:data1\" content=\"1 minute\" \/>\n<script type=\"application\/ld+json\" class=\"yoast-schema-graph\">{\"@context\":\"https:\/\/schema.org\",\"@graph\":[{\"@type\":\"WebPage\",\"@id\":\"https:\/\/epoxylab.eu\/shop\/kydex\/kydex-czarny-2mm-30x30-cm\/\",\"url\":\"https:\/\/epoxylab.eu\/shop\/kydex\/kydex-czarny-2mm-30x30-cm\/\",\"name\":\"Kydex czarny - 2mm - (29x29 cm) - epoxylab.eu\",\"isPartOf\":{\"@id\":\"https:\/\/epoxylab.eu\/#website\"},\"primaryImageOfPage\":{\"@id\":\"https:\/\/epoxylab.eu\/shop\/kydex\/kydex-czarny-2mm-30x30-cm\/#primaryimage\"},\"image\":{\"@id\":\"https:\/\/epoxylab.eu\/shop\/kydex\/kydex-czarny-2mm-30x30-cm\/#primaryimage\"},\"thumbnailUrl\":\"https:\/\/epoxylab.eu\/wp-content\/uploads\/2025\/08\/k1-scaled.jpg\",\"datePublished\":\"2025-10-02T06:10:48+00:00\",\"dateModified\":\"2026-04-17T06:30:38+00:00\",\"description\":\"Kydex to lekki i wytrzyma\u0142y materia\u0142 do produkcji pochew na no\u017ce. \u0141atwy w formowaniu, odporny na wilgo\u0107, zarysowania i warunki atmosferyczne. Zapewnia sztywno\u015b\u0107, ochron\u0119 i pewne trzymanie ostrza. Idealny na pochwy EDC, bushcraft i survival.\",\"breadcrumb\":{\"@id\":\"https:\/\/epoxylab.eu\/shop\/kydex\/kydex-czarny-2mm-30x30-cm\/#breadcrumb\"},\"inLanguage\":\"en-GB\",\"potentialAction\":[{\"@type\":\"ReadAction\",\"target\":[\"https:\/\/epoxylab.eu\/shop\/kydex\/kydex-czarny-2mm-30x30-cm\/\"]}]},{\"@type\":\"ImageObject\",\"inLanguage\":\"en-GB\",\"@id\":\"https:\/\/epoxylab.eu\/shop\/kydex\/kydex-czarny-2mm-30x30-cm\/#primaryimage\",\"url\":\"https:\/\/epoxylab.eu\/wp-content\/uploads\/2025\/08\/k1-scaled.jpg\",\"contentUrl\":\"https:\/\/epoxylab.eu\/wp-content\/uploads\/2025\/08\/k1-scaled.jpg\",\"width\":2560,\"height\":2560},{\"@type\":\"BreadcrumbList\",\"@id\":\"https:\/\/epoxylab.eu\/shop\/kydex\/kydex-czarny-2mm-30x30-cm\/#breadcrumb\",\"itemListElement\":[{\"@type\":\"ListItem\",\"position\":1,\"name\":\"Strona g\u0142\u00f3wna\",\"item\":\"https:\/\/epoxylab.eu\/\"},{\"@type\":\"ListItem\",\"position\":2,\"name\":\"Shop\",\"item\":\"https:\/\/epoxylab.eu\/shop\/\"},{\"@type\":\"ListItem\",\"position\":3,\"name\":\"Kydex czarny &#8211; 2mm &#8211; (29&#215;29 cm)\"}]},{\"@type\":\"WebSite\",\"@id\":\"https:\/\/epoxylab.eu\/#website\",\"url\":\"https:\/\/epoxylab.eu\/\",\"name\":\"epoxylab.eu\",\"description\":\"Sklep z materia\u0142ami na r\u0119koje\u015bci no\u017cy\",\"publisher\":{\"@id\":\"https:\/\/epoxylab.eu\/#organization\"},\"potentialAction\":[{\"@type\":\"SearchAction\",\"target\":{\"@type\":\"EntryPoint\",\"urlTemplate\":\"https:\/\/epoxylab.eu\/?s={search_term_string}\"},\"query-input\":{\"@type\":\"PropertyValueSpecification\",\"valueRequired\":true,\"valueName\":\"search_term_string\"}}],\"inLanguage\":\"en-GB\"},{\"@type\":\"Organization\",\"@id\":\"https:\/\/epoxylab.eu\/#organization\",\"name\":\"epoxylab.eu\",\"url\":\"https:\/\/epoxylab.eu\/\",\"logo\":{\"@type\":\"ImageObject\",\"inLanguage\":\"en-GB\",\"@id\":\"https:\/\/epoxylab.eu\/#\/schema\/logo\/image\/\",\"url\":\"https:\/\/epoxylab.eu\/wp-content\/uploads\/2025\/02\/cropped-logo2.webp\",\"contentUrl\":\"https:\/\/epoxylab.eu\/wp-content\/uploads\/2025\/02\/cropped-logo2.webp\",\"width\":300,\"height\":65,\"caption\":\"epoxylab.eu\"},\"image\":{\"@id\":\"https:\/\/epoxylab.eu\/#\/schema\/logo\/image\/\"}}]}<\/script>\n<!-- \/ Yoast SEO plugin. -->","yoast_head_json":{"title":"Kydex czarny - 2mm - (29x29 cm) - epoxylab.eu","description":"Kydex to lekki i wytrzyma\u0142y materia\u0142 do produkcji pochew na no\u017ce. \u0141atwy w formowaniu, odporny na wilgo\u0107, zarysowania i warunki atmosferyczne. Zapewnia sztywno\u015b\u0107, ochron\u0119 i pewne trzymanie ostrza. Idealny na pochwy EDC, bushcraft i survival.","robots":{"index":"index","follow":"follow","max-snippet":"max-snippet:-1","max-image-preview":"max-image-preview:large","max-video-preview":"max-video-preview:-1"},"canonical":"https:\/\/epoxylab.eu\/en\/shop\/kydex\/kydex-czarny-2mm-30x30-cm\/","og_locale":"en_GB","og_type":"article","og_title":"Kydex czarny - 2mm - (29x29 cm) - epoxylab.eu","og_description":"Kydex to lekki i wytrzyma\u0142y materia\u0142 do produkcji pochew na no\u017ce. \u0141atwy w formowaniu, odporny na wilgo\u0107, zarysowania i warunki atmosferyczne. Zapewnia sztywno\u015b\u0107, ochron\u0119 i pewne trzymanie ostrza. Idealny na pochwy EDC, bushcraft i survival.","og_url":"https:\/\/epoxylab.eu\/en\/shop\/kydex\/kydex-czarny-2mm-30x30-cm\/","og_site_name":"epoxylab.eu","article_modified_time":"2026-04-17T06:30:38+00:00","og_image":[{"width":2560,"height":2560,"url":"https:\/\/epoxylab.eu\/wp-content\/uploads\/2025\/08\/k1-scaled.jpg","type":"image\/jpeg"}],"twitter_card":"summary_large_image","twitter_misc":{"Estimated reading time":"1 minute"},"schema":{"@context":"https:\/\/schema.org","@graph":[{"@type":"WebPage","@id":"https:\/\/epoxylab.eu\/shop\/kydex\/kydex-czarny-2mm-30x30-cm\/","url":"https:\/\/epoxylab.eu\/shop\/kydex\/kydex-czarny-2mm-30x30-cm\/","name":"Kydex czarny - 2mm - (29x29 cm) - epoxylab.eu","isPartOf":{"@id":"https:\/\/epoxylab.eu\/#website"},"primaryImageOfPage":{"@id":"https:\/\/epoxylab.eu\/shop\/kydex\/kydex-czarny-2mm-30x30-cm\/#primaryimage"},"image":{"@id":"https:\/\/epoxylab.eu\/shop\/kydex\/kydex-czarny-2mm-30x30-cm\/#primaryimage"},"thumbnailUrl":"https:\/\/epoxylab.eu\/wp-content\/uploads\/2025\/08\/k1-scaled.jpg","datePublished":"2025-10-02T06:10:48+00:00","dateModified":"2026-04-17T06:30:38+00:00","description":"Kydex to lekki i wytrzyma\u0142y materia\u0142 do produkcji pochew na no\u017ce. \u0141atwy w formowaniu, odporny na wilgo\u0107, zarysowania i warunki atmosferyczne. Zapewnia sztywno\u015b\u0107, ochron\u0119 i pewne trzymanie ostrza. Idealny na pochwy EDC, bushcraft i survival.","breadcrumb":{"@id":"https:\/\/epoxylab.eu\/shop\/kydex\/kydex-czarny-2mm-30x30-cm\/#breadcrumb"},"inLanguage":"en-GB","potentialAction":[{"@type":"ReadAction","target":["https:\/\/epoxylab.eu\/shop\/kydex\/kydex-czarny-2mm-30x30-cm\/"]}]},{"@type":"ImageObject","inLanguage":"en-GB","@id":"https:\/\/epoxylab.eu\/shop\/kydex\/kydex-czarny-2mm-30x30-cm\/#primaryimage","url":"https:\/\/epoxylab.eu\/wp-content\/uploads\/2025\/08\/k1-scaled.jpg","contentUrl":"https:\/\/epoxylab.eu\/wp-content\/uploads\/2025\/08\/k1-scaled.jpg","width":2560,"height":2560},{"@type":"BreadcrumbList","@id":"https:\/\/epoxylab.eu\/shop\/kydex\/kydex-czarny-2mm-30x30-cm\/#breadcrumb","itemListElement":[{"@type":"ListItem","position":1,"name":"Strona g\u0142\u00f3wna","item":"https:\/\/epoxylab.eu\/"},{"@type":"ListItem","position":2,"name":"Shop","item":"https:\/\/epoxylab.eu\/shop\/"},{"@type":"ListItem","position":3,"name":"Kydex czarny &#8211; 2mm &#8211; (29&#215;29 cm)"}]},{"@type":"WebSite","@id":"https:\/\/epoxylab.eu\/#website","url":"https:\/\/epoxylab.eu\/","name":"epoxylab.eu","description":"Sklep z materia\u0142ami na r\u0119koje\u015bci no\u017cy","publisher":{"@id":"https:\/\/epoxylab.eu\/#organization"},"potentialAction":[{"@type":"SearchAction","target":{"@type":"EntryPoint","urlTemplate":"https:\/\/epoxylab.eu\/?s={search_term_string}"},"query-input":{"@type":"PropertyValueSpecification","valueRequired":true,"valueName":"search_term_string"}}],"inLanguage":"en-GB"},{"@type":"Organization","@id":"https:\/\/epoxylab.eu\/#organization","name":"epoxylab.eu","url":"https:\/\/epoxylab.eu\/","logo":{"@type":"ImageObject","inLanguage":"en-GB","@id":"https:\/\/epoxylab.eu\/#\/schema\/logo\/image\/","url":"https:\/\/epoxylab.eu\/wp-content\/uploads\/2025\/02\/cropped-logo2.webp","contentUrl":"https:\/\/epoxylab.eu\/wp-content\/uploads\/2025\/02\/cropped-logo2.webp","width":300,"height":65,"caption":"epoxylab.eu"},"image":{"@id":"https:\/\/epoxylab.eu\/#\/schema\/logo\/image\/"}}]}},"jetpack_sharing_enabled":true,"_links":{"self":[{"href":"https:\/\/epoxylab.eu\/en\/wp-json\/wp\/v2\/product\/12452","targetHints":{"allow":["GET"]}}],"collection":[{"href":"https:\/\/epoxylab.eu\/en\/wp-json\/wp\/v2\/product"}],"about":[{"href":"https:\/\/epoxylab.eu\/en\/wp-json\/wp\/v2\/types\/product"}],"wp:featuredmedia":[{"embeddable":true,"href":"https:\/\/epoxylab.eu\/en\/wp-json\/wp\/v2\/media\/11846"}],"wp:attachment":[{"href":"https:\/\/epoxylab.eu\/en\/wp-json\/wp\/v2\/media?parent=12452"}],"wp:term":[{"taxonomy":"product_brand","embeddable":true,"href":"https:\/\/epoxylab.eu\/en\/wp-json\/wp\/v2\/product_brand?post=12452"},{"taxonomy":"product_cat","embeddable":true,"href":"https:\/\/epoxylab.eu\/en\/wp-json\/wp\/v2\/product_cat?post=12452"},{"taxonomy":"product_tag","embeddable":true,"href":"https:\/\/epoxylab.eu\/en\/wp-json\/wp\/v2\/product_tag?post=12452"}],"curies":[{"name":"wp","href":"https:\/\/api.w.org\/{rel}","templated":true}]}}