{"id":12424,"date":"2025-09-26T08:18:14","date_gmt":"2025-09-26T06:18:14","guid":{"rendered":"https:\/\/epoxylab.eu\/?post_type=product&#038;p=12424"},"modified":"2026-01-21T08:04:04","modified_gmt":"2026-01-21T07:04:04","slug":"oczka-do-kydexu-20-szt","status":"publish","type":"product","link":"https:\/\/epoxylab.eu\/en\/shop\/akcesoria-do-kydexu\/oczka-do-kydexu-20-szt\/","title":{"rendered":"Kydex eyelets - 20 pieces - black"},"content":{"rendered":"<p>Czarne oczka do kydexu wykonane z mosi\u0105dzu, wysokiej jako\u015bci nity przeznaczone do wykonywania pochew i kabur. Idealnie pasuj\u0105 do kydexu o grubo\u015bci 2 &#8211; 2,4 mm, gwarantuj\u0105c trwa\u0142e i estetyczne wyko\u0144czenie.<\/p>\n<p>Collar diameter: 9.5 mm<br \/>\nInner hole diameter: 6 mm<br \/>\nOuter diameter: 6.5 mm<br \/>\nTotal length: 8.4 mm<br \/>\nPieces: 20<\/p>","protected":false},"excerpt":{"rendered":"<p>Czarne oczka do kydexu wykonane z mosi\u0105dzu, wysokiej jako\u015bci nity przeznaczone do wykonywania pochew i kabur. Idealnie pasuj\u0105 do kydexu o grubo\u015bci 2 &#8211; 2,4 mm, gwarantuj\u0105c trwa\u0142e i estetyczne wyko\u0144czenie. \u015arednica ko\u0142nierza: 9,5 mm Otw\u00f3r wewn\u0119trzny: 6mm \u015arednica zewn\u0119trzna: 6,5 mm D\u0142ugo\u015b\u0107 ca\u0142kowita: 8,4 m Ilo\u015b\u0107 sztuk: 20<\/p>","protected":false},"featured_media":12316,"template":"","meta":{"site-sidebar-layout":"default","site-content-layout":"default","ast-site-content-layout":"default","site-content-style":"default","site-sidebar-style":"default","ast-global-header-display":"","ast-banner-title-visibility":"","ast-main-header-display":"","ast-hfb-above-header-display":"","ast-hfb-below-header-display":"","ast-hfb-mobile-header-display":"","site-post-title":"","ast-breadcrumbs-content":"","ast-featured-img":"","footer-sml-layout":"","theme-transparent-header-meta":"default","adv-header-id-meta":"","stick-header-meta":"","header-above-stick-meta":"","header-main-stick-meta":"","header-below-stick-meta":"","astra-migrate-meta-layouts":"set","ast-page-background-enabled":"default","ast-page-background-meta":{"desktop":{"background-color":"","background-image":"","background-repeat":"repeat","background-position":"center center","background-size":"auto","background-attachment":"scroll","background-type":"","background-media":"","overlay-type":"","overlay-color":"","overlay-opacity":"","overlay-gradient":""},"tablet":{"background-color":"","background-image":"","background-repeat":"repeat","background-position":"center center","background-size":"auto","background-attachment":"scroll","background-type":"","background-media":"","overlay-type":"","overlay-color":"","overlay-opacity":"","overlay-gradient":""},"mobile":{"background-color":"","background-image":"","background-repeat":"repeat","background-position":"center center","background-size":"auto","background-attachment":"scroll","background-type":"","background-media":"","overlay-type":"","overlay-color":"","overlay-opacity":"","overlay-gradient":""}},"ast-content-background-meta":{"desktop":{"background-color":"var(--ast-global-color-5)","background-image":"","background-repeat":"repeat","background-position":"center center","background-size":"auto","background-attachment":"scroll","background-type":"","background-media":"","overlay-type":"","overlay-color":"","overlay-opacity":"","overlay-gradient":""},"tablet":{"background-color":"var(--ast-global-color-5)","background-image":"","background-repeat":"repeat","background-position":"center center","background-size":"auto","background-attachment":"scroll","background-type":"","background-media":"","overlay-type":"","overlay-color":"","overlay-opacity":"","overlay-gradient":""},"mobile":{"background-color":"var(--ast-global-color-5)","background-image":"","background-repeat":"repeat","background-position":"center center","background-size":"auto","background-attachment":"scroll","background-type":"","background-media":"","overlay-type":"","overlay-color":"","overlay-opacity":"","overlay-gradient":""}}},"product_brand":[],"product_cat":[169],"product_tag":[],"class_list":{"0":"post-12424","1":"product","2":"type-product","3":"status-publish","4":"has-post-thumbnail","6":"product_cat-akcesoria-do-kydexu","7":"desktop-align-left","8":"tablet-align-left","9":"mobile-align-left","11":"first","12":"instock","13":"shipping-taxable","14":"purchasable","15":"product-type-simple"},"yoast_head":"<!-- This site is optimized with the Yoast SEO plugin v27.2 - https:\/\/yoast.com\/product\/yoast-seo-wordpress\/ -->\n<title>Oczka do kydexu 20 szt - black - epoxylab.eu<\/title>\n<meta name=\"description\" content=\"Czarne oczka z mosi\u0105dzu do kydexu to nity przeznaczone do pochew i kabur, najlepiej dopasowane do kydexu o grubo\u015bci 2\u20132,4 mm.\" \/>\n<meta name=\"robots\" content=\"index, follow, max-snippet:-1, max-image-preview:large, max-video-preview:-1\" \/>\n<link rel=\"canonical\" href=\"https:\/\/epoxylab.eu\/en\/shop\/akcesoria-do-kydexu\/oczka-do-kydexu-20-szt\/\" \/>\n<meta property=\"og:locale\" content=\"en_GB\" \/>\n<meta property=\"og:type\" content=\"article\" \/>\n<meta property=\"og:title\" content=\"Oczka do kydexu 20 szt - black - epoxylab.eu\" \/>\n<meta property=\"og:description\" content=\"Czarne oczka z mosi\u0105dzu do kydexu to nity przeznaczone do pochew i kabur, najlepiej dopasowane do kydexu o grubo\u015bci 2\u20132,4 mm.\" \/>\n<meta property=\"og:url\" content=\"https:\/\/epoxylab.eu\/en\/shop\/akcesoria-do-kydexu\/oczka-do-kydexu-20-szt\/\" \/>\n<meta property=\"og:site_name\" content=\"epoxylab.eu\" \/>\n<meta property=\"article:modified_time\" content=\"2026-01-21T07:04:04+00:00\" \/>\n<meta property=\"og:image\" content=\"https:\/\/epoxylab.eu\/wp-content\/uploads\/2025\/09\/o1-scaled.jpg\" \/>\n\t<meta property=\"og:image:width\" content=\"2560\" \/>\n\t<meta property=\"og:image:height\" content=\"2560\" \/>\n\t<meta property=\"og:image:type\" content=\"image\/jpeg\" \/>\n<meta name=\"twitter:card\" content=\"summary_large_image\" \/>\n<meta name=\"twitter:label1\" content=\"Estimated reading time\" \/>\n\t<meta name=\"twitter:data1\" content=\"1 minute\" \/>\n<script type=\"application\/ld+json\" class=\"yoast-schema-graph\">{\"@context\":\"https:\/\/schema.org\",\"@graph\":[{\"@type\":\"WebPage\",\"@id\":\"https:\/\/epoxylab.eu\/shop\/akcesoria-do-kydexu\/oczka-do-kydexu-20-szt\/\",\"url\":\"https:\/\/epoxylab.eu\/shop\/akcesoria-do-kydexu\/oczka-do-kydexu-20-szt\/\",\"name\":\"Oczka do kydexu 20 szt - black - epoxylab.eu\",\"isPartOf\":{\"@id\":\"https:\/\/epoxylab.eu\/#website\"},\"primaryImageOfPage\":{\"@id\":\"https:\/\/epoxylab.eu\/shop\/akcesoria-do-kydexu\/oczka-do-kydexu-20-szt\/#primaryimage\"},\"image\":{\"@id\":\"https:\/\/epoxylab.eu\/shop\/akcesoria-do-kydexu\/oczka-do-kydexu-20-szt\/#primaryimage\"},\"thumbnailUrl\":\"https:\/\/epoxylab.eu\/wp-content\/uploads\/2025\/09\/o1-scaled.jpg\",\"datePublished\":\"2025-09-26T06:18:14+00:00\",\"dateModified\":\"2026-01-21T07:04:04+00:00\",\"description\":\"Czarne oczka z mosi\u0105dzu do kydexu to nity przeznaczone do pochew i kabur, najlepiej dopasowane do kydexu o grubo\u015bci 2\u20132,4 mm.\",\"breadcrumb\":{\"@id\":\"https:\/\/epoxylab.eu\/shop\/akcesoria-do-kydexu\/oczka-do-kydexu-20-szt\/#breadcrumb\"},\"inLanguage\":\"en-GB\",\"potentialAction\":[{\"@type\":\"ReadAction\",\"target\":[\"https:\/\/epoxylab.eu\/shop\/akcesoria-do-kydexu\/oczka-do-kydexu-20-szt\/\"]}]},{\"@type\":\"ImageObject\",\"inLanguage\":\"en-GB\",\"@id\":\"https:\/\/epoxylab.eu\/shop\/akcesoria-do-kydexu\/oczka-do-kydexu-20-szt\/#primaryimage\",\"url\":\"https:\/\/epoxylab.eu\/wp-content\/uploads\/2025\/09\/o1-scaled.jpg\",\"contentUrl\":\"https:\/\/epoxylab.eu\/wp-content\/uploads\/2025\/09\/o1-scaled.jpg\",\"width\":2560,\"height\":2560},{\"@type\":\"BreadcrumbList\",\"@id\":\"https:\/\/epoxylab.eu\/shop\/akcesoria-do-kydexu\/oczka-do-kydexu-20-szt\/#breadcrumb\",\"itemListElement\":[{\"@type\":\"ListItem\",\"position\":1,\"name\":\"Strona g\u0142\u00f3wna\",\"item\":\"https:\/\/epoxylab.eu\/\"},{\"@type\":\"ListItem\",\"position\":2,\"name\":\"Shop\",\"item\":\"https:\/\/epoxylab.eu\/shop\/\"},{\"@type\":\"ListItem\",\"position\":3,\"name\":\"Oczka do kydexu 20 szt &#8211; black\"}]},{\"@type\":\"WebSite\",\"@id\":\"https:\/\/epoxylab.eu\/#website\",\"url\":\"https:\/\/epoxylab.eu\/\",\"name\":\"epoxylab.eu\",\"description\":\"Sklep z materia\u0142ami na r\u0119koje\u015bci no\u017cy\",\"publisher\":{\"@id\":\"https:\/\/epoxylab.eu\/#organization\"},\"potentialAction\":[{\"@type\":\"SearchAction\",\"target\":{\"@type\":\"EntryPoint\",\"urlTemplate\":\"https:\/\/epoxylab.eu\/?s={search_term_string}\"},\"query-input\":{\"@type\":\"PropertyValueSpecification\",\"valueRequired\":true,\"valueName\":\"search_term_string\"}}],\"inLanguage\":\"en-GB\"},{\"@type\":\"Organization\",\"@id\":\"https:\/\/epoxylab.eu\/#organization\",\"name\":\"epoxylab.eu\",\"url\":\"https:\/\/epoxylab.eu\/\",\"logo\":{\"@type\":\"ImageObject\",\"inLanguage\":\"en-GB\",\"@id\":\"https:\/\/epoxylab.eu\/#\/schema\/logo\/image\/\",\"url\":\"https:\/\/epoxylab.eu\/wp-content\/uploads\/2025\/02\/cropped-logo2.webp\",\"contentUrl\":\"https:\/\/epoxylab.eu\/wp-content\/uploads\/2025\/02\/cropped-logo2.webp\",\"width\":300,\"height\":65,\"caption\":\"epoxylab.eu\"},\"image\":{\"@id\":\"https:\/\/epoxylab.eu\/#\/schema\/logo\/image\/\"}}]}<\/script>\n<!-- \/ Yoast SEO plugin. -->","yoast_head_json":{"title":"Oczka do kydexu 20 szt - black - epoxylab.eu","description":"Czarne oczka z mosi\u0105dzu do kydexu to nity przeznaczone do pochew i kabur, najlepiej dopasowane do kydexu o grubo\u015bci 2\u20132,4 mm.","robots":{"index":"index","follow":"follow","max-snippet":"max-snippet:-1","max-image-preview":"max-image-preview:large","max-video-preview":"max-video-preview:-1"},"canonical":"https:\/\/epoxylab.eu\/en\/shop\/akcesoria-do-kydexu\/oczka-do-kydexu-20-szt\/","og_locale":"en_GB","og_type":"article","og_title":"Oczka do kydexu 20 szt - black - epoxylab.eu","og_description":"Czarne oczka z mosi\u0105dzu do kydexu to nity przeznaczone do pochew i kabur, najlepiej dopasowane do kydexu o grubo\u015bci 2\u20132,4 mm.","og_url":"https:\/\/epoxylab.eu\/en\/shop\/akcesoria-do-kydexu\/oczka-do-kydexu-20-szt\/","og_site_name":"epoxylab.eu","article_modified_time":"2026-01-21T07:04:04+00:00","og_image":[{"width":2560,"height":2560,"url":"https:\/\/epoxylab.eu\/wp-content\/uploads\/2025\/09\/o1-scaled.jpg","type":"image\/jpeg"}],"twitter_card":"summary_large_image","twitter_misc":{"Estimated reading time":"1 minute"},"schema":{"@context":"https:\/\/schema.org","@graph":[{"@type":"WebPage","@id":"https:\/\/epoxylab.eu\/shop\/akcesoria-do-kydexu\/oczka-do-kydexu-20-szt\/","url":"https:\/\/epoxylab.eu\/shop\/akcesoria-do-kydexu\/oczka-do-kydexu-20-szt\/","name":"Oczka do kydexu 20 szt - black - epoxylab.eu","isPartOf":{"@id":"https:\/\/epoxylab.eu\/#website"},"primaryImageOfPage":{"@id":"https:\/\/epoxylab.eu\/shop\/akcesoria-do-kydexu\/oczka-do-kydexu-20-szt\/#primaryimage"},"image":{"@id":"https:\/\/epoxylab.eu\/shop\/akcesoria-do-kydexu\/oczka-do-kydexu-20-szt\/#primaryimage"},"thumbnailUrl":"https:\/\/epoxylab.eu\/wp-content\/uploads\/2025\/09\/o1-scaled.jpg","datePublished":"2025-09-26T06:18:14+00:00","dateModified":"2026-01-21T07:04:04+00:00","description":"Czarne oczka z mosi\u0105dzu do kydexu to nity przeznaczone do pochew i kabur, najlepiej dopasowane do kydexu o grubo\u015bci 2\u20132,4 mm.","breadcrumb":{"@id":"https:\/\/epoxylab.eu\/shop\/akcesoria-do-kydexu\/oczka-do-kydexu-20-szt\/#breadcrumb"},"inLanguage":"en-GB","potentialAction":[{"@type":"ReadAction","target":["https:\/\/epoxylab.eu\/shop\/akcesoria-do-kydexu\/oczka-do-kydexu-20-szt\/"]}]},{"@type":"ImageObject","inLanguage":"en-GB","@id":"https:\/\/epoxylab.eu\/shop\/akcesoria-do-kydexu\/oczka-do-kydexu-20-szt\/#primaryimage","url":"https:\/\/epoxylab.eu\/wp-content\/uploads\/2025\/09\/o1-scaled.jpg","contentUrl":"https:\/\/epoxylab.eu\/wp-content\/uploads\/2025\/09\/o1-scaled.jpg","width":2560,"height":2560},{"@type":"BreadcrumbList","@id":"https:\/\/epoxylab.eu\/shop\/akcesoria-do-kydexu\/oczka-do-kydexu-20-szt\/#breadcrumb","itemListElement":[{"@type":"ListItem","position":1,"name":"Strona g\u0142\u00f3wna","item":"https:\/\/epoxylab.eu\/"},{"@type":"ListItem","position":2,"name":"Shop","item":"https:\/\/epoxylab.eu\/shop\/"},{"@type":"ListItem","position":3,"name":"Oczka do kydexu 20 szt &#8211; black"}]},{"@type":"WebSite","@id":"https:\/\/epoxylab.eu\/#website","url":"https:\/\/epoxylab.eu\/","name":"epoxylab.eu","description":"Sklep z materia\u0142ami na r\u0119koje\u015bci no\u017cy","publisher":{"@id":"https:\/\/epoxylab.eu\/#organization"},"potentialAction":[{"@type":"SearchAction","target":{"@type":"EntryPoint","urlTemplate":"https:\/\/epoxylab.eu\/?s={search_term_string}"},"query-input":{"@type":"PropertyValueSpecification","valueRequired":true,"valueName":"search_term_string"}}],"inLanguage":"en-GB"},{"@type":"Organization","@id":"https:\/\/epoxylab.eu\/#organization","name":"epoxylab.eu","url":"https:\/\/epoxylab.eu\/","logo":{"@type":"ImageObject","inLanguage":"en-GB","@id":"https:\/\/epoxylab.eu\/#\/schema\/logo\/image\/","url":"https:\/\/epoxylab.eu\/wp-content\/uploads\/2025\/02\/cropped-logo2.webp","contentUrl":"https:\/\/epoxylab.eu\/wp-content\/uploads\/2025\/02\/cropped-logo2.webp","width":300,"height":65,"caption":"epoxylab.eu"},"image":{"@id":"https:\/\/epoxylab.eu\/#\/schema\/logo\/image\/"}}]}},"jetpack_sharing_enabled":true,"_links":{"self":[{"href":"https:\/\/epoxylab.eu\/en\/wp-json\/wp\/v2\/product\/12424","targetHints":{"allow":["GET"]}}],"collection":[{"href":"https:\/\/epoxylab.eu\/en\/wp-json\/wp\/v2\/product"}],"about":[{"href":"https:\/\/epoxylab.eu\/en\/wp-json\/wp\/v2\/types\/product"}],"wp:featuredmedia":[{"embeddable":true,"href":"https:\/\/epoxylab.eu\/en\/wp-json\/wp\/v2\/media\/12316"}],"wp:attachment":[{"href":"https:\/\/epoxylab.eu\/en\/wp-json\/wp\/v2\/media?parent=12424"}],"wp:term":[{"taxonomy":"product_brand","embeddable":true,"href":"https:\/\/epoxylab.eu\/en\/wp-json\/wp\/v2\/product_brand?post=12424"},{"taxonomy":"product_cat","embeddable":true,"href":"https:\/\/epoxylab.eu\/en\/wp-json\/wp\/v2\/product_cat?post=12424"},{"taxonomy":"product_tag","embeddable":true,"href":"https:\/\/epoxylab.eu\/en\/wp-json\/wp\/v2\/product_tag?post=12424"}],"curies":[{"name":"wp","href":"https:\/\/api.w.org\/{rel}","templated":true}]}}